{"id":140,"date":"2023-01-21T13:05:46","date_gmt":"2023-01-21T13:05:46","guid":{"rendered":"https:\/\/cofoek.de\/eu\/?page_id=140"},"modified":"2023-05-25T09:19:32","modified_gmt":"2023-05-25T09:19:32","slug":"wir-ueber-uns","status":"publish","type":"page","link":"https:\/\/cofoek.de\/eu\/wir-ueber-uns\/","title":{"rendered":"Wir \u00fcber uns &#8230;"},"content":{"rendered":"\n<p>Seit mehr als 30 Jahren verstehen wir uns als Partner f\u00fcr gewerbliche Kunden. Unser Kerngesch\u00e4ft liegt in der Planung, Verwaltung und Wartung von IT-Netzwerken, Webhosting, Support mit eigener Werkstatt und Schulungen. Gerne f\u00fchren wir Schulungen als Werkstatt, Inhouse, Coaching und Coaching w\u00e4hrend eines Fluges durch. Unser langj\u00e4hriges Praxis-Know-how und die damit verbundenen Zertifizierungen auf den jeweiligen Server-Betriebssystemen zeichnen unsere St\u00e4rke aus.<\/p>\n\n\n\n<p>Die <strong>Erwartungen<\/strong> und <strong>Bed\u00fcrfnisse<\/strong> unserer Kunden zu erf\u00fcllen, ist seit langem unser Leitmotiv.<\/p>\n","protected":false},"excerpt":{"rendered":"<p>Seit mehr als 30 Jahren verstehen wir uns als Partner f\u00fcr gewerbliche Kunden. Unser Kerngesch\u00e4ft liegt in der Planung, Verwaltung und Wartung von IT-Netzwerken, Webhosting, Support mit eigener Werkstatt und Schulungen. Gerne f\u00fchren wir Schulungen als Werkstatt, Inhouse, Coaching und Coaching w\u00e4hrend eines Fluges durch. Unser langj\u00e4hriges Praxis-Know-how und die damit verbundenen Zertifizierungen auf den &hellip; <\/p>\n<p class=\"link-more\"><a href=\"https:\/\/cofoek.de\/eu\/wir-ueber-uns\/\" class=\"more-link\"><span class=\"screen-reader-text\">\u201eWir \u00fcber uns &#8230;\u201c <\/span>weiterlesen<\/a><\/p>\n","protected":false},"author":3,"featured_media":0,"parent":0,"menu_order":0,"comment_status":"closed","ping_status":"closed","template":"","meta":{"footnotes":""},"class_list":["post-140","page","type-page","status-publish","hentry"],"jetpack_sharing_enabled":true,"_links":{"self":[{"href":"https:\/\/cofoek.de\/eu\/wp-json\/wp\/v2\/pages\/140","targetHints":{"allow":["GET"]}}],"collection":[{"href":"https:\/\/cofoek.de\/eu\/wp-json\/wp\/v2\/pages"}],"about":[{"href":"https:\/\/cofoek.de\/eu\/wp-json\/wp\/v2\/types\/page"}],"author":[{"embeddable":true,"href":"https:\/\/cofoek.de\/eu\/wp-json\/wp\/v2\/users\/3"}],"replies":[{"embeddable":true,"href":"https:\/\/cofoek.de\/eu\/wp-json\/wp\/v2\/comments?post=140"}],"version-history":[{"count":8,"href":"https:\/\/cofoek.de\/eu\/wp-json\/wp\/v2\/pages\/140\/revisions"}],"predecessor-version":[{"id":653,"href":"https:\/\/cofoek.de\/eu\/wp-json\/wp\/v2\/pages\/140\/revisions\/653"}],"wp:attachment":[{"href":"https:\/\/cofoek.de\/eu\/wp-json\/wp\/v2\/media?parent=140"}],"curies":[{"name":"wp","href":"https:\/\/api.w.org\/{rel}","templated":true}]}}