{"id":146,"date":"2023-01-21T13:11:07","date_gmt":"2023-01-21T13:11:07","guid":{"rendered":"https:\/\/cofoek.de\/eu\/?page_id=146"},"modified":"2023-05-25T09:23:48","modified_gmt":"2023-05-25T09:23:48","slug":"webhosting","status":"publish","type":"page","link":"https:\/\/cofoek.de\/eu\/webhosting\/","title":{"rendered":"Webhosting"},"content":{"rendered":"\n<p>Ver\u00f6ffentlichen Sie Ihre eigene Homepage im World Wide Web. Unsere kleine Auswahl an Webhosting-Pakete werden jeden Anforderungen gerecht \u2013 entscheiden Sie selbst.<\/p>\n\n\n\n<p><strong>Was heist Webhosting ?<\/strong><br>Unter Webhosting, im IT-Jargon oft nur \u201eHosting\u201c genannt, versteht man die Unterbringung von Webseiten auf einem an das Internet angeschlossenen Server eines Providers. Der Webhoster stellt dabei als Dienstleister Speicherplatz auf einem Server zur Verf\u00fcgung, welcher von einem Internetnutzer angemietet werden kann. Der Nutzer hat dann die M\u00f6glichkeit, Dateien wie seine Homepage oder auch Bilder auf seinem Webspace abzulegen. Der Funktionsumfang bei Webhosting-Angeboten kann erheblich variieren. Angefangen von Einsteigerangeboten mit einer Visitenkarte bis hin zu Profipaketen mit MySQL und PHP ist f\u00fcr jeden Bedarf ein passendes Angebot zu finden (Zitat aus Wikipedia).<\/p>\n\n\n\n<p><strong>Wie kommen Sie in den Genu\u00df einer Domain ?<\/strong><br>\u00dcberlegen Sie sich zun\u00e4chst einen Namen f\u00fcr Ihre Domain. Dieser sollte kurz und aussagekr\u00e4ftig sein. Haben Sie einen passenden Namen gefunden, m\u00fcssen Sie nachpr\u00fcfen, ob dieser Domainnamen nicht bereits schon vergeben ist. F\u00fcr jede TOP-Level Domain (de., com., org., \u2026) gibt es dazu eine Organisation \u2013 f\u00fcr Deutschland DENIC \u2013 die dar\u00fcber Ausk\u00fcnfte erteilt. Bei uns k\u00f6nnen Sie das ONLINE \u00fcber den Men\u00fcpunkt Domainsuche im Vorfeld durchf\u00fchren. Im letzten Schritt suchen Sie sich das passende Paket aus. W\u00e4hlen k\u00f6nnen Sie zwischen JUNIOR, HOME, BUSINESS und f\u00fcr erfahrene demn\u00e4chst ein benutzerdefiniertes Baukastensystem zum selber zusammenstellen. Zum Schluss, einfach nur noch ONLINE bestellen.<\/p>\n\n\n\n<p>F\u00fcr Kunden, die mit Ihrer Domain zu uns umziehen m\u00f6chten, ist das auch kein Problem. Das erledigen wir f\u00fcr Sie kostenlos, unb\u00fcrokratisch und schnell.<\/p>\n","protected":false},"excerpt":{"rendered":"<p>Ver\u00f6ffentlichen Sie Ihre eigene Homepage im World Wide Web. Unsere kleine Auswahl an Webhosting-Pakete werden jeden Anforderungen gerecht \u2013 entscheiden Sie selbst. Was heist Webhosting ?Unter Webhosting, im IT-Jargon oft nur \u201eHosting\u201c genannt, versteht man die Unterbringung von Webseiten auf einem an das Internet angeschlossenen Server eines Providers. Der Webhoster stellt dabei als Dienstleister Speicherplatz &hellip; <\/p>\n<p class=\"link-more\"><a href=\"https:\/\/cofoek.de\/eu\/webhosting\/\" class=\"more-link\"><span class=\"screen-reader-text\">\u201eWebhosting\u201c <\/span>weiterlesen<\/a><\/p>\n","protected":false},"author":3,"featured_media":0,"parent":0,"menu_order":0,"comment_status":"closed","ping_status":"closed","template":"","meta":{"footnotes":""},"class_list":["post-146","page","type-page","status-publish","hentry"],"jetpack_sharing_enabled":true,"_links":{"self":[{"href":"https:\/\/cofoek.de\/eu\/wp-json\/wp\/v2\/pages\/146","targetHints":{"allow":["GET"]}}],"collection":[{"href":"https:\/\/cofoek.de\/eu\/wp-json\/wp\/v2\/pages"}],"about":[{"href":"https:\/\/cofoek.de\/eu\/wp-json\/wp\/v2\/types\/page"}],"author":[{"embeddable":true,"href":"https:\/\/cofoek.de\/eu\/wp-json\/wp\/v2\/users\/3"}],"replies":[{"embeddable":true,"href":"https:\/\/cofoek.de\/eu\/wp-json\/wp\/v2\/comments?post=146"}],"version-history":[{"count":1,"href":"https:\/\/cofoek.de\/eu\/wp-json\/wp\/v2\/pages\/146\/revisions"}],"predecessor-version":[{"id":147,"href":"https:\/\/cofoek.de\/eu\/wp-json\/wp\/v2\/pages\/146\/revisions\/147"}],"wp:attachment":[{"href":"https:\/\/cofoek.de\/eu\/wp-json\/wp\/v2\/media?parent=146"}],"curies":[{"name":"wp","href":"https:\/\/api.w.org\/{rel}","templated":true}]}}