{"id":148,"date":"2023-01-21T13:11:37","date_gmt":"2023-01-21T13:11:37","guid":{"rendered":"https:\/\/cofoek.de\/eu\/?page_id=148"},"modified":"2023-05-25T09:35:16","modified_gmt":"2023-05-25T09:35:16","slug":"schulung","status":"publish","type":"page","link":"https:\/\/cofoek.de\/eu\/schulung\/","title":{"rendered":"Schulung"},"content":{"rendered":"\n<p>Der qualifizierte, sachgerechte Umgang mit dem PC ist eine Grundvoraussetzung f\u00fcr nahezu jede berufliche T\u00e4tigkeit und einen sicheren Arbeitsplatz. Alle unsere eingesetzten Dozenten besitzen f\u00fcr das jeweilige Fachgebiet die notwendigen Zertifizierungen und bringen eine mehrj\u00e4hrige Berufspraxis mit. Bei uns finden auch Kurse statt, wenn nur ein Teilnehmer daran teilnimmt.<\/p>\n","protected":false},"excerpt":{"rendered":"<p>Der qualifizierte, sachgerechte Umgang mit dem PC ist eine Grundvoraussetzung f\u00fcr nahezu jede berufliche T\u00e4tigkeit und einen sicheren Arbeitsplatz. Alle unsere eingesetzten Dozenten besitzen f\u00fcr das jeweilige Fachgebiet die notwendigen Zertifizierungen und bringen eine mehrj\u00e4hrige Berufspraxis mit. Bei uns finden auch Kurse statt, wenn nur ein Teilnehmer daran teilnimmt.<\/p>\n","protected":false},"author":3,"featured_media":0,"parent":0,"menu_order":0,"comment_status":"closed","ping_status":"closed","template":"","meta":{"footnotes":""},"class_list":["post-148","page","type-page","status-publish","hentry"],"jetpack_sharing_enabled":true,"_links":{"self":[{"href":"https:\/\/cofoek.de\/eu\/wp-json\/wp\/v2\/pages\/148","targetHints":{"allow":["GET"]}}],"collection":[{"href":"https:\/\/cofoek.de\/eu\/wp-json\/wp\/v2\/pages"}],"about":[{"href":"https:\/\/cofoek.de\/eu\/wp-json\/wp\/v2\/types\/page"}],"author":[{"embeddable":true,"href":"https:\/\/cofoek.de\/eu\/wp-json\/wp\/v2\/users\/3"}],"replies":[{"embeddable":true,"href":"https:\/\/cofoek.de\/eu\/wp-json\/wp\/v2\/comments?post=148"}],"version-history":[{"count":1,"href":"https:\/\/cofoek.de\/eu\/wp-json\/wp\/v2\/pages\/148\/revisions"}],"predecessor-version":[{"id":149,"href":"https:\/\/cofoek.de\/eu\/wp-json\/wp\/v2\/pages\/148\/revisions\/149"}],"wp:attachment":[{"href":"https:\/\/cofoek.de\/eu\/wp-json\/wp\/v2\/media?parent=148"}],"curies":[{"name":"wp","href":"https:\/\/api.w.org\/{rel}","templated":true}]}}