{"id":150,"date":"2023-01-21T13:12:22","date_gmt":"2023-01-21T13:12:22","guid":{"rendered":"https:\/\/cofoek.de\/eu\/?page_id=150"},"modified":"2023-05-25T09:35:51","modified_gmt":"2023-05-25T09:35:51","slug":"service","status":"publish","type":"page","link":"https:\/\/cofoek.de\/eu\/service\/","title":{"rendered":"Service"},"content":{"rendered":"\n<p>Service wird bei uns&nbsp;gro\u00df&nbsp;geschrieben. Das beginnt bei uns mit der Beratung, \u00fcber den Kauf eines Produktes in unserem Hause, bis hin zur Wartung Ihrer Netzwerkinfrastruktur. Wir wollen, dass Sie zufrieden sind. Damit keine Missverst\u00e4ndnis zwischen beiden Parteien entstehen und dann auch zu Problemen f\u00fchren. Haben wir einen kleinen Leitfaden erstellt. Bitte versuchen Sie diesen so gut wie m\u00f6glich zu befolgen. Sie helfen uns damit. Sollte es sehr dringlich sein, k\u00f6nnen Sie uns nat\u00fcrlich auch sofort unsere Hotline anrufen.<\/p>\n","protected":false},"excerpt":{"rendered":"<p>Service wird bei uns&nbsp;gro\u00df&nbsp;geschrieben. Das beginnt bei uns mit der Beratung, \u00fcber den Kauf eines Produktes in unserem Hause, bis hin zur Wartung Ihrer Netzwerkinfrastruktur. Wir wollen, dass Sie zufrieden sind. Damit keine Missverst\u00e4ndnis zwischen beiden Parteien entstehen und dann auch zu Problemen f\u00fchren. Haben wir einen kleinen Leitfaden erstellt. Bitte versuchen Sie diesen so &hellip; <\/p>\n<p class=\"link-more\"><a href=\"https:\/\/cofoek.de\/eu\/service\/\" class=\"more-link\"><span class=\"screen-reader-text\">\u201eService\u201c <\/span>weiterlesen<\/a><\/p>\n","protected":false},"author":3,"featured_media":0,"parent":0,"menu_order":0,"comment_status":"closed","ping_status":"closed","template":"","meta":{"footnotes":""},"class_list":["post-150","page","type-page","status-publish","hentry"],"jetpack_sharing_enabled":true,"_links":{"self":[{"href":"https:\/\/cofoek.de\/eu\/wp-json\/wp\/v2\/pages\/150","targetHints":{"allow":["GET"]}}],"collection":[{"href":"https:\/\/cofoek.de\/eu\/wp-json\/wp\/v2\/pages"}],"about":[{"href":"https:\/\/cofoek.de\/eu\/wp-json\/wp\/v2\/types\/page"}],"author":[{"embeddable":true,"href":"https:\/\/cofoek.de\/eu\/wp-json\/wp\/v2\/users\/3"}],"replies":[{"embeddable":true,"href":"https:\/\/cofoek.de\/eu\/wp-json\/wp\/v2\/comments?post=150"}],"version-history":[{"count":2,"href":"https:\/\/cofoek.de\/eu\/wp-json\/wp\/v2\/pages\/150\/revisions"}],"predecessor-version":[{"id":665,"href":"https:\/\/cofoek.de\/eu\/wp-json\/wp\/v2\/pages\/150\/revisions\/665"}],"wp:attachment":[{"href":"https:\/\/cofoek.de\/eu\/wp-json\/wp\/v2\/media?parent=150"}],"curies":[{"name":"wp","href":"https:\/\/api.w.org\/{rel}","templated":true}]}}