{"id":152,"date":"2023-01-21T13:12:52","date_gmt":"2023-01-21T13:12:52","guid":{"rendered":"https:\/\/cofoek.de\/eu\/?page_id=152"},"modified":"2023-05-26T07:26:16","modified_gmt":"2023-05-26T07:26:16","slug":"leistungen","status":"publish","type":"page","link":"https:\/\/cofoek.de\/eu\/leistungen\/","title":{"rendered":"Leistungsangebote"},"content":{"rendered":"\n<p>Alle unsere Leistungsangebote im \u00dcberblick:<\/p>\n\n\n\n<p>Aufgrund unserer langj\u00e4hrigen Erfahrung und dem daf\u00fcr speziell ausgebildeten Angestellten, ist es uns m\u00f6glich eine Vielzahl von Leistungen anzubieten. Wir freuen uns nat\u00fcrlich auch \u00fcber einen Anruf bzw. eine E-Mail, sollte hier nichts passendes f\u00fcr Sie zu finden sein.<\/p>\n\n\n\n<p>\u2013 Betriebssysteme (Microsoft &amp; Linux)<br>\u2013 Migration von Datenbest\u00e4nden (MySQL und Microsoft SQL)<br>\u2013 LDAP Management (Microsoft &amp; Linux)<br>\u2013 Netzwerk Management (physikalisch &amp; virtuell)<br>\u2013 Netzwerk \u00dcbertragungsmedien<br>\u2013 Netzwerkdienste konfigurieren<br>\u2013 Programmierung (\u00fcberwiegend Skriptspachen)<br>\u2013 Rootserver installieren\/konfigurieren<br>\u2013 Virtualisierung<br>\u2013 Mailserver L\u00f6sungen (Exchange, Postfix, Exim, Qmail)<br>\u2013 Viren\/Spyware \u2013 Sicherheitsanalyse<br>\u2013 ITIL Risk Management \u2013 Risikoabsch\u00e4tzung<\/p>\n","protected":false},"excerpt":{"rendered":"<p>Alle unsere Leistungsangebote im \u00dcberblick: Aufgrund unserer langj\u00e4hrigen Erfahrung und dem daf\u00fcr speziell ausgebildeten Angestellten, ist es uns m\u00f6glich eine Vielzahl von Leistungen anzubieten. Wir freuen uns nat\u00fcrlich auch \u00fcber einen Anruf bzw. eine E-Mail, sollte hier nichts passendes f\u00fcr Sie zu finden sein. \u2013 Betriebssysteme (Microsoft &amp; Linux)\u2013 Migration von Datenbest\u00e4nden (MySQL und Microsoft &hellip; <\/p>\n<p class=\"link-more\"><a href=\"https:\/\/cofoek.de\/eu\/leistungen\/\" class=\"more-link\"><span class=\"screen-reader-text\">\u201eLeistungsangebote\u201c <\/span>weiterlesen<\/a><\/p>\n","protected":false},"author":3,"featured_media":0,"parent":0,"menu_order":0,"comment_status":"closed","ping_status":"closed","template":"","meta":{"footnotes":""},"class_list":["post-152","page","type-page","status-publish","hentry"],"jetpack_sharing_enabled":true,"_links":{"self":[{"href":"https:\/\/cofoek.de\/eu\/wp-json\/wp\/v2\/pages\/152","targetHints":{"allow":["GET"]}}],"collection":[{"href":"https:\/\/cofoek.de\/eu\/wp-json\/wp\/v2\/pages"}],"about":[{"href":"https:\/\/cofoek.de\/eu\/wp-json\/wp\/v2\/types\/page"}],"author":[{"embeddable":true,"href":"https:\/\/cofoek.de\/eu\/wp-json\/wp\/v2\/users\/3"}],"replies":[{"embeddable":true,"href":"https:\/\/cofoek.de\/eu\/wp-json\/wp\/v2\/comments?post=152"}],"version-history":[{"count":2,"href":"https:\/\/cofoek.de\/eu\/wp-json\/wp\/v2\/pages\/152\/revisions"}],"predecessor-version":[{"id":779,"href":"https:\/\/cofoek.de\/eu\/wp-json\/wp\/v2\/pages\/152\/revisions\/779"}],"wp:attachment":[{"href":"https:\/\/cofoek.de\/eu\/wp-json\/wp\/v2\/media?parent=152"}],"curies":[{"name":"wp","href":"https:\/\/api.w.org\/{rel}","templated":true}]}}