{"id":158,"date":"2023-01-21T13:20:56","date_gmt":"2023-01-21T13:20:56","guid":{"rendered":"https:\/\/cofoek.de\/eu\/?page_id=158"},"modified":"2023-05-26T09:15:16","modified_gmt":"2023-05-26T09:15:16","slug":"betriebssysteme","status":"publish","type":"page","link":"https:\/\/cofoek.de\/eu\/betriebssysteme\/","title":{"rendered":"Betriebssysteme"},"content":{"rendered":"\n<p>Betriebssysteme haben ihre Schw\u00e4chen und St\u00e4rken. <\/p>\n\n\n\n<p>Daher auch einer meiner Spr\u00fcche: &#8222;Betriebssystem sind Ph\u00e4nomene&#8220; &#8211; Etwas, was sich beobachten, wahrnehmen l\u00e4sst; eine bemerkenswerte Erscheinung (pl\u00f6tzlich ist die Standortbestimmung aktiviert, wodurch?)&#8220;. <\/p>\n\n\n\n<p>Sollten Sie Probleme mit Treibern, Applikationen und der Netzwerkumgebung haben, fragen Sie uns. Wir versuchen das Problem mit Ihnen gemeinsam zu l\u00f6sen. In folgenden Betriebssystem k\u00f6nnen wir Sie unterst\u00fctzen:<\/p>\n\n\n\n<p><strong>Microsoft<\/strong>: Server (NT4 \u2013 Windows 2008 R2 32\/64 \u2013 Windows 2019), Microsoft Client (W95x \u2013 Windows 7 Ultimate 32\/64 \u2013 Windows 11)<br><strong>Novell Netware<\/strong>: Server (3.x \u2013 6.5)<br><strong>Linux<\/strong>: OpenSUSE, Suse Linux Enterprise 8.x-11.x, RedHat, Fedora, Debian, Ubuntu<br><strong>macOS:<\/strong> OS X 10.9: Mavericks &#8211; macOS 13.0: Ventura<\/p>\n","protected":false},"excerpt":{"rendered":"<p>Betriebssysteme haben ihre Schw\u00e4chen und St\u00e4rken. Daher auch einer meiner Spr\u00fcche: &#8222;Betriebssystem sind Ph\u00e4nomene&#8220; &#8211; Etwas, was sich beobachten, wahrnehmen l\u00e4sst; eine bemerkenswerte Erscheinung (pl\u00f6tzlich ist die Standortbestimmung aktiviert, wodurch?)&#8220;. Sollten Sie Probleme mit Treibern, Applikationen und der Netzwerkumgebung haben, fragen Sie uns. Wir versuchen das Problem mit Ihnen gemeinsam zu l\u00f6sen. In folgenden Betriebssystem &hellip; <\/p>\n<p class=\"link-more\"><a href=\"https:\/\/cofoek.de\/eu\/betriebssysteme\/\" class=\"more-link\"><span class=\"screen-reader-text\">\u201eBetriebssysteme\u201c <\/span>weiterlesen<\/a><\/p>\n","protected":false},"author":3,"featured_media":0,"parent":0,"menu_order":0,"comment_status":"closed","ping_status":"closed","template":"","meta":{"footnotes":""},"class_list":["post-158","page","type-page","status-publish","hentry"],"jetpack_sharing_enabled":true,"_links":{"self":[{"href":"https:\/\/cofoek.de\/eu\/wp-json\/wp\/v2\/pages\/158","targetHints":{"allow":["GET"]}}],"collection":[{"href":"https:\/\/cofoek.de\/eu\/wp-json\/wp\/v2\/pages"}],"about":[{"href":"https:\/\/cofoek.de\/eu\/wp-json\/wp\/v2\/types\/page"}],"author":[{"embeddable":true,"href":"https:\/\/cofoek.de\/eu\/wp-json\/wp\/v2\/users\/3"}],"replies":[{"embeddable":true,"href":"https:\/\/cofoek.de\/eu\/wp-json\/wp\/v2\/comments?post=158"}],"version-history":[{"count":4,"href":"https:\/\/cofoek.de\/eu\/wp-json\/wp\/v2\/pages\/158\/revisions"}],"predecessor-version":[{"id":825,"href":"https:\/\/cofoek.de\/eu\/wp-json\/wp\/v2\/pages\/158\/revisions\/825"}],"wp:attachment":[{"href":"https:\/\/cofoek.de\/eu\/wp-json\/wp\/v2\/media?parent=158"}],"curies":[{"name":"wp","href":"https:\/\/api.w.org\/{rel}","templated":true}]}}