{"id":160,"date":"2023-01-21T13:21:30","date_gmt":"2023-01-21T13:21:30","guid":{"rendered":"https:\/\/cofoek.de\/eu\/?page_id=160"},"modified":"2023-05-25T09:28:23","modified_gmt":"2023-05-25T09:28:23","slug":"netzwerkprojekt","status":"publish","type":"page","link":"https:\/\/cofoek.de\/eu\/netzwerkprojekt\/","title":{"rendered":"Netzwerkprojekt"},"content":{"rendered":"\n<p>Damit ein Netzwerk in der Funktionsweise keine Einschr\u00e4nkungen hat, sollte es im Vorfeld gut geplant sein. Erst dann ist es m\u00f6glich, gezielt Fehler in der Netzwerkinfrastruktur ausfindig zu machen. Es spielt dabei f\u00fcr uns keine Rolle, ob wir eine bestehende Netzwerkinfrastruktur optimieren sollen oder eine neue Netzwerkinfrastruktur mit Ihnen neu entwerfen, planen und umsetzen (siehe folgend Zyklus). In jedem Falle werden wir Sie von Anfang bis Ende mit unserem Fachwissen tatkr\u00e4ftig unterst\u00fctzten.<\/p>\n","protected":false},"excerpt":{"rendered":"<p>Damit ein Netzwerk in der Funktionsweise keine Einschr\u00e4nkungen hat, sollte es im Vorfeld gut geplant sein. Erst dann ist es m\u00f6glich, gezielt Fehler in der Netzwerkinfrastruktur ausfindig zu machen. Es spielt dabei f\u00fcr uns keine Rolle, ob wir eine bestehende Netzwerkinfrastruktur optimieren sollen oder eine neue Netzwerkinfrastruktur mit Ihnen neu entwerfen, planen und umsetzen (siehe &hellip; <\/p>\n<p class=\"link-more\"><a href=\"https:\/\/cofoek.de\/eu\/netzwerkprojekt\/\" class=\"more-link\"><span class=\"screen-reader-text\">\u201eNetzwerkprojekt\u201c <\/span>weiterlesen<\/a><\/p>\n","protected":false},"author":3,"featured_media":0,"parent":0,"menu_order":0,"comment_status":"closed","ping_status":"closed","template":"","meta":{"footnotes":""},"class_list":["post-160","page","type-page","status-publish","hentry"],"jetpack_sharing_enabled":true,"_links":{"self":[{"href":"https:\/\/cofoek.de\/eu\/wp-json\/wp\/v2\/pages\/160","targetHints":{"allow":["GET"]}}],"collection":[{"href":"https:\/\/cofoek.de\/eu\/wp-json\/wp\/v2\/pages"}],"about":[{"href":"https:\/\/cofoek.de\/eu\/wp-json\/wp\/v2\/types\/page"}],"author":[{"embeddable":true,"href":"https:\/\/cofoek.de\/eu\/wp-json\/wp\/v2\/users\/3"}],"replies":[{"embeddable":true,"href":"https:\/\/cofoek.de\/eu\/wp-json\/wp\/v2\/comments?post=160"}],"version-history":[{"count":1,"href":"https:\/\/cofoek.de\/eu\/wp-json\/wp\/v2\/pages\/160\/revisions"}],"predecessor-version":[{"id":161,"href":"https:\/\/cofoek.de\/eu\/wp-json\/wp\/v2\/pages\/160\/revisions\/161"}],"wp:attachment":[{"href":"https:\/\/cofoek.de\/eu\/wp-json\/wp\/v2\/media?parent=160"}],"curies":[{"name":"wp","href":"https:\/\/api.w.org\/{rel}","templated":true}]}}