{"id":162,"date":"2023-01-21T13:21:57","date_gmt":"2023-01-21T13:21:57","guid":{"rendered":"https:\/\/cofoek.de\/eu\/?page_id=162"},"modified":"2023-05-25T09:25:53","modified_gmt":"2023-05-25T09:25:53","slug":"mailserver-loesungen","status":"publish","type":"page","link":"https:\/\/cofoek.de\/eu\/mailserver-loesungen\/","title":{"rendered":"Mailserver L\u00f6sungen"},"content":{"rendered":"\n<p>E-Mail ist das mittlerweile wichtigste Kommunikations-Mittel im Unternehmen. Rechtliche Bindung, Kompatibilit\u00e4t und E-Mail-Sicherheit stehen f\u00fcr IT-Verantwortliche in diesem Bereich oft im Vordergrund. Wir helfen Ihnen dabei die richtigen Schritte \u201eStep by Step\u201c zu gehen. Egal ob Sie eine homogene Microsoft Mail L\u00f6sung, Novell Groupwise L\u00f6sung oder einer Tobit David anstreben oder heterogen sogar miteinander koppeln. Auf folgenden Mail Systemen k\u00f6nnen wir Sie unterst\u00fctzen:<\/p>\n\n\n\n<p>\u2013 Microsoft Exchange 5.5 \u2013 2019<br>\u2013 Novell Groupwise \u2013 6.5<br>\u2013 Tobit David \u2013 V8 Office<br>\u2013 Linux: Postfix, Exim, QMail<br>\u2013 AVM: KEN!<\/p>\n","protected":false},"excerpt":{"rendered":"<p>E-Mail ist das mittlerweile wichtigste Kommunikations-Mittel im Unternehmen. Rechtliche Bindung, Kompatibilit\u00e4t und E-Mail-Sicherheit stehen f\u00fcr IT-Verantwortliche in diesem Bereich oft im Vordergrund. Wir helfen Ihnen dabei die richtigen Schritte \u201eStep by Step\u201c zu gehen. Egal ob Sie eine homogene Microsoft Mail L\u00f6sung, Novell Groupwise L\u00f6sung oder einer Tobit David anstreben oder heterogen sogar miteinander koppeln. &hellip; <\/p>\n<p class=\"link-more\"><a href=\"https:\/\/cofoek.de\/eu\/mailserver-loesungen\/\" class=\"more-link\"><span class=\"screen-reader-text\">\u201eMailserver L\u00f6sungen\u201c <\/span>weiterlesen<\/a><\/p>\n","protected":false},"author":3,"featured_media":0,"parent":0,"menu_order":0,"comment_status":"closed","ping_status":"closed","template":"","meta":{"footnotes":""},"class_list":["post-162","page","type-page","status-publish","hentry"],"jetpack_sharing_enabled":true,"_links":{"self":[{"href":"https:\/\/cofoek.de\/eu\/wp-json\/wp\/v2\/pages\/162","targetHints":{"allow":["GET"]}}],"collection":[{"href":"https:\/\/cofoek.de\/eu\/wp-json\/wp\/v2\/pages"}],"about":[{"href":"https:\/\/cofoek.de\/eu\/wp-json\/wp\/v2\/types\/page"}],"author":[{"embeddable":true,"href":"https:\/\/cofoek.de\/eu\/wp-json\/wp\/v2\/users\/3"}],"replies":[{"embeddable":true,"href":"https:\/\/cofoek.de\/eu\/wp-json\/wp\/v2\/comments?post=162"}],"version-history":[{"count":3,"href":"https:\/\/cofoek.de\/eu\/wp-json\/wp\/v2\/pages\/162\/revisions"}],"predecessor-version":[{"id":656,"href":"https:\/\/cofoek.de\/eu\/wp-json\/wp\/v2\/pages\/162\/revisions\/656"}],"wp:attachment":[{"href":"https:\/\/cofoek.de\/eu\/wp-json\/wp\/v2\/media?parent=162"}],"curies":[{"name":"wp","href":"https:\/\/api.w.org\/{rel}","templated":true}]}}