{"id":164,"date":"2023-01-21T13:22:14","date_gmt":"2023-01-21T13:22:14","guid":{"rendered":"https:\/\/cofoek.de\/eu\/?page_id=164"},"modified":"2023-05-25T09:21:29","modified_gmt":"2023-05-25T09:21:29","slug":"cyber-security","status":"publish","type":"page","link":"https:\/\/cofoek.de\/eu\/cyber-security\/","title":{"rendered":"Cyber Security"},"content":{"rendered":"\n<p>Betriebliches Kontinuit\u00e4tsmanagement, Informationssicherheit und Disaster Recovery geh\u00f6ren zu einer nachhaltigen Wachstumsstrategie. Cybert\u00e4ter arbeiten schon l\u00e4ngst nicht mehr durch Herumprobieren, um eine Schwachstelle in Ihrem Unternehmen zu finden. Cybert\u00e4ter sammeln zuerst Informationen, f\u00fchren eine \u201cMarkterkundung\u201d durch und stellen eine solide Kalkulation zusammen: Welches potenzielle Opfer steht wirtschaftlich gut da? Wie gro\u00df ist das Ausma\u00df eines m\u00f6glichen Schadens? Und in welchem Verh\u00e4ltnis steht dazu der Aufwand, der daf\u00fcr betrieben werden muss?<\/p>\n\n\n\n<p>Wir unterst\u00fctzen und begleiten Sie Schritt f\u00fcr Schritt zur ISO 27001-zertifizierten Informationssicherheit, um vorbeugend als Unternehmen nicht angreifbar zu sein.<\/p>\n","protected":false},"excerpt":{"rendered":"<p>Betriebliches Kontinuit\u00e4tsmanagement, Informationssicherheit und Disaster Recovery geh\u00f6ren zu einer nachhaltigen Wachstumsstrategie. Cybert\u00e4ter arbeiten schon l\u00e4ngst nicht mehr durch Herumprobieren, um eine Schwachstelle in Ihrem Unternehmen zu finden. Cybert\u00e4ter sammeln zuerst Informationen, f\u00fchren eine \u201cMarkterkundung\u201d durch und stellen eine solide Kalkulation zusammen: Welches potenzielle Opfer steht wirtschaftlich gut da? Wie gro\u00df ist das Ausma\u00df eines m\u00f6glichen &hellip; <\/p>\n<p class=\"link-more\"><a href=\"https:\/\/cofoek.de\/eu\/cyber-security\/\" class=\"more-link\"><span class=\"screen-reader-text\">\u201eCyber Security\u201c <\/span>weiterlesen<\/a><\/p>\n","protected":false},"author":3,"featured_media":0,"parent":0,"menu_order":0,"comment_status":"closed","ping_status":"closed","template":"","meta":{"footnotes":""},"class_list":["post-164","page","type-page","status-publish","hentry"],"jetpack_sharing_enabled":true,"_links":{"self":[{"href":"https:\/\/cofoek.de\/eu\/wp-json\/wp\/v2\/pages\/164","targetHints":{"allow":["GET"]}}],"collection":[{"href":"https:\/\/cofoek.de\/eu\/wp-json\/wp\/v2\/pages"}],"about":[{"href":"https:\/\/cofoek.de\/eu\/wp-json\/wp\/v2\/types\/page"}],"author":[{"embeddable":true,"href":"https:\/\/cofoek.de\/eu\/wp-json\/wp\/v2\/users\/3"}],"replies":[{"embeddable":true,"href":"https:\/\/cofoek.de\/eu\/wp-json\/wp\/v2\/comments?post=164"}],"version-history":[{"count":3,"href":"https:\/\/cofoek.de\/eu\/wp-json\/wp\/v2\/pages\/164\/revisions"}],"predecessor-version":[{"id":194,"href":"https:\/\/cofoek.de\/eu\/wp-json\/wp\/v2\/pages\/164\/revisions\/194"}],"wp:attachment":[{"href":"https:\/\/cofoek.de\/eu\/wp-json\/wp\/v2\/media?parent=164"}],"curies":[{"name":"wp","href":"https:\/\/api.w.org\/{rel}","templated":true}]}}