{"id":166,"date":"2023-01-21T13:22:44","date_gmt":"2023-01-21T13:22:44","guid":{"rendered":"https:\/\/cofoek.de\/eu\/?page_id=166"},"modified":"2023-05-25T09:27:27","modified_gmt":"2023-05-25T09:27:27","slug":"netzwerkdienste","status":"publish","type":"page","link":"https:\/\/cofoek.de\/eu\/netzwerkdienste\/","title":{"rendered":"Netzwerkdienste"},"content":{"rendered":"\n<p>Sie wollen einen eigenen DNS-Server installieren und konfigurieren. Oder ben\u00f6tigen f\u00fcr Ihr Segment einen DHCP-Server. Bei der Wahl eines Fileservers sind Sie sich unsicher, welches Netzwerkbetriebssystem auf Ihre Bed\u00fcrfnisse besser zugeschnitten ist. In n\u00e4chster Zeit steht die Kopplung der Filialen \u00fcber eine sichere und verschl\u00fcsselte Verbindung mit VPN\/IPsec an. Sie m\u00f6chten eingehende Pakete \u00fcber den einen bestimmten Port filtern. M\u00f6chten im firmeneigenen Intranet einen CMS (Content Management System) einsetzen und m\u00fcssen dazu eine MySQL Datenbank anbinden. Keine Fragen, dass k\u00f6nnen wir. Denn es ist eines unser Kerngesch\u00e4fte. F\u00fcr folgende Dienste k\u00f6nnen wir Ihnen auf den Plattformen Microsoft, Novell und Linux Support anbieten:<\/p>\n\n\n\n<p>DNS (ipv4\/ipv6)<br>DHCP (ipv4\/ipv6)<br>Samba<br>Apache<br>IIS8.5<br>Squid<br>Firewall (WF.msc)<br>VPN\/IPSec, RAS<br>MySQL<br>Postfix\/QMail\/Exim\/Exchange<br>ISA<br>Webdienste (https)<br>Content Management Systeme (Joomla, WordPress und Typo3)<\/p>\n\n\n\n<p><\/p>\n","protected":false},"excerpt":{"rendered":"<p>Sie wollen einen eigenen DNS-Server installieren und konfigurieren. Oder ben\u00f6tigen f\u00fcr Ihr Segment einen DHCP-Server. Bei der Wahl eines Fileservers sind Sie sich unsicher, welches Netzwerkbetriebssystem auf Ihre Bed\u00fcrfnisse besser zugeschnitten ist. In n\u00e4chster Zeit steht die Kopplung der Filialen \u00fcber eine sichere und verschl\u00fcsselte Verbindung mit VPN\/IPsec an. Sie m\u00f6chten eingehende Pakete \u00fcber den &hellip; <\/p>\n<p class=\"link-more\"><a href=\"https:\/\/cofoek.de\/eu\/netzwerkdienste\/\" class=\"more-link\"><span class=\"screen-reader-text\">\u201eNetzwerkdienste\u201c <\/span>weiterlesen<\/a><\/p>\n","protected":false},"author":3,"featured_media":0,"parent":0,"menu_order":0,"comment_status":"closed","ping_status":"closed","template":"","meta":{"footnotes":""},"class_list":["post-166","page","type-page","status-publish","hentry"],"jetpack_sharing_enabled":true,"_links":{"self":[{"href":"https:\/\/cofoek.de\/eu\/wp-json\/wp\/v2\/pages\/166","targetHints":{"allow":["GET"]}}],"collection":[{"href":"https:\/\/cofoek.de\/eu\/wp-json\/wp\/v2\/pages"}],"about":[{"href":"https:\/\/cofoek.de\/eu\/wp-json\/wp\/v2\/types\/page"}],"author":[{"embeddable":true,"href":"https:\/\/cofoek.de\/eu\/wp-json\/wp\/v2\/users\/3"}],"replies":[{"embeddable":true,"href":"https:\/\/cofoek.de\/eu\/wp-json\/wp\/v2\/comments?post=166"}],"version-history":[{"count":3,"href":"https:\/\/cofoek.de\/eu\/wp-json\/wp\/v2\/pages\/166\/revisions"}],"predecessor-version":[{"id":658,"href":"https:\/\/cofoek.de\/eu\/wp-json\/wp\/v2\/pages\/166\/revisions\/658"}],"wp:attachment":[{"href":"https:\/\/cofoek.de\/eu\/wp-json\/wp\/v2\/media?parent=166"}],"curies":[{"name":"wp","href":"https:\/\/api.w.org\/{rel}","templated":true}]}}