{"id":168,"date":"2023-01-21T13:26:28","date_gmt":"2023-01-21T13:26:28","guid":{"rendered":"https:\/\/cofoek.de\/eu\/?page_id=168"},"modified":"2023-05-25T09:30:30","modified_gmt":"2023-05-25T09:30:30","slug":"programmierung","status":"publish","type":"page","link":"https:\/\/cofoek.de\/eu\/programmierung\/","title":{"rendered":"Programmierung"},"content":{"rendered":"\n<p>Wir w\u00e4hlen gemeinsam die passende Programmiersprache f\u00fcr die optimale L\u00f6sung. Dazu analysieren wir von Beginn an den eigentlichen Arbeitsprozesses und Programmierung, welche Funktionen enthalten sein sollten und mit welchen Programmiersprachen dies am besten umzusetzen ist. Wir unterst\u00fctzen Sie in folgenden Skriptspachen:<\/p>\n\n\n\n<p>PHP<br>JavaScript<br>CGI<br>BASH<br>HTML<br>CSS<br>XML\/XLS<br>SSI<br>Powershell<\/p>\n\n\n\n<p>und Programmiersprachen:<\/p>\n\n\n\n<p>C++<br>Java<br>Turbo Vision<\/p>\n\n\n\n<p><\/p>\n","protected":false},"excerpt":{"rendered":"<p>Wir w\u00e4hlen gemeinsam die passende Programmiersprache f\u00fcr die optimale L\u00f6sung. Dazu analysieren wir von Beginn an den eigentlichen Arbeitsprozesses und Programmierung, welche Funktionen enthalten sein sollten und mit welchen Programmiersprachen dies am besten umzusetzen ist. Wir unterst\u00fctzen Sie in folgenden Skriptspachen: PHPJavaScriptCGIBASHHTMLCSSXML\/XLSSSIPowershell und Programmiersprachen: C++JavaTurbo Vision<\/p>\n","protected":false},"author":3,"featured_media":0,"parent":0,"menu_order":0,"comment_status":"closed","ping_status":"closed","template":"","meta":{"footnotes":""},"class_list":["post-168","page","type-page","status-publish","hentry"],"jetpack_sharing_enabled":true,"_links":{"self":[{"href":"https:\/\/cofoek.de\/eu\/wp-json\/wp\/v2\/pages\/168","targetHints":{"allow":["GET"]}}],"collection":[{"href":"https:\/\/cofoek.de\/eu\/wp-json\/wp\/v2\/pages"}],"about":[{"href":"https:\/\/cofoek.de\/eu\/wp-json\/wp\/v2\/types\/page"}],"author":[{"embeddable":true,"href":"https:\/\/cofoek.de\/eu\/wp-json\/wp\/v2\/users\/3"}],"replies":[{"embeddable":true,"href":"https:\/\/cofoek.de\/eu\/wp-json\/wp\/v2\/comments?post=168"}],"version-history":[{"count":3,"href":"https:\/\/cofoek.de\/eu\/wp-json\/wp\/v2\/pages\/168\/revisions"}],"predecessor-version":[{"id":660,"href":"https:\/\/cofoek.de\/eu\/wp-json\/wp\/v2\/pages\/168\/revisions\/660"}],"wp:attachment":[{"href":"https:\/\/cofoek.de\/eu\/wp-json\/wp\/v2\/media?parent=168"}],"curies":[{"name":"wp","href":"https:\/\/api.w.org\/{rel}","templated":true}]}}