{"id":172,"date":"2023-01-21T13:27:41","date_gmt":"2023-01-21T13:27:41","guid":{"rendered":"https:\/\/cofoek.de\/eu\/?page_id=172"},"modified":"2023-05-25T09:22:59","modified_gmt":"2023-05-25T09:22:59","slug":"it-sicherheitsanalyse","status":"publish","type":"page","link":"https:\/\/cofoek.de\/eu\/it-sicherheitsanalyse\/","title":{"rendered":"IT-Sicherheitsanalyse"},"content":{"rendered":"\n<p>Mit der IT-Sicherheitsanalyse bekommen Sie von uns als Unternehmer Gewissheit und Sicherheit: Wir \u00fcberpr\u00fcfen Ihre bestehende IT-Umgebungen auf Performance, auf Schwachstellen (von au\u00dfen und innen) und auf ihre Konformit\u00e4t mit geltendem Recht. Das Ergebnis der IT-Sicherheitsanalyse unsererseits ist eine detaillierte Aufnahme ihres Netzwerkes. Wir entwickeln dann mit Ihnen zusammen daraus die resultierenden Handlungsempfehlungen, ein IT-Sicherheitskonzept \u2013 und Risikomanagement.<\/p>\n","protected":false},"excerpt":{"rendered":"<p>Mit der IT-Sicherheitsanalyse bekommen Sie von uns als Unternehmer Gewissheit und Sicherheit: Wir \u00fcberpr\u00fcfen Ihre bestehende IT-Umgebungen auf Performance, auf Schwachstellen (von au\u00dfen und innen) und auf ihre Konformit\u00e4t mit geltendem Recht. Das Ergebnis der IT-Sicherheitsanalyse unsererseits ist eine detaillierte Aufnahme ihres Netzwerkes. Wir entwickeln dann mit Ihnen zusammen daraus die resultierenden Handlungsempfehlungen, ein IT-Sicherheitskonzept &hellip; <\/p>\n<p class=\"link-more\"><a href=\"https:\/\/cofoek.de\/eu\/it-sicherheitsanalyse\/\" class=\"more-link\"><span class=\"screen-reader-text\">\u201eIT-Sicherheitsanalyse\u201c <\/span>weiterlesen<\/a><\/p>\n","protected":false},"author":3,"featured_media":0,"parent":0,"menu_order":0,"comment_status":"closed","ping_status":"closed","template":"","meta":{"footnotes":""},"class_list":["post-172","page","type-page","status-publish","hentry"],"jetpack_sharing_enabled":true,"_links":{"self":[{"href":"https:\/\/cofoek.de\/eu\/wp-json\/wp\/v2\/pages\/172","targetHints":{"allow":["GET"]}}],"collection":[{"href":"https:\/\/cofoek.de\/eu\/wp-json\/wp\/v2\/pages"}],"about":[{"href":"https:\/\/cofoek.de\/eu\/wp-json\/wp\/v2\/types\/page"}],"author":[{"embeddable":true,"href":"https:\/\/cofoek.de\/eu\/wp-json\/wp\/v2\/users\/3"}],"replies":[{"embeddable":true,"href":"https:\/\/cofoek.de\/eu\/wp-json\/wp\/v2\/comments?post=172"}],"version-history":[{"count":1,"href":"https:\/\/cofoek.de\/eu\/wp-json\/wp\/v2\/pages\/172\/revisions"}],"predecessor-version":[{"id":173,"href":"https:\/\/cofoek.de\/eu\/wp-json\/wp\/v2\/pages\/172\/revisions\/173"}],"wp:attachment":[{"href":"https:\/\/cofoek.de\/eu\/wp-json\/wp\/v2\/media?parent=172"}],"curies":[{"name":"wp","href":"https:\/\/api.w.org\/{rel}","templated":true}]}}