{"id":174,"date":"2023-01-21T13:28:09","date_gmt":"2023-01-21T13:28:09","guid":{"rendered":"https:\/\/cofoek.de\/eu\/?page_id=174"},"modified":"2023-05-26T09:55:10","modified_gmt":"2023-05-26T09:55:10","slug":"uebertragungsmedien","status":"publish","type":"page","link":"https:\/\/cofoek.de\/eu\/uebertragungsmedien\/","title":{"rendered":"Verbindung"},"content":{"rendered":"\n<p>Sie sind stolzer Besitzer eines DSL-Anschlusses. Erhalten von Ihrem Internet Service Provider keine weiteren Informationen zur Installation und Konfiguration Ihres DSL-Modems oder Routers. Sie wollen die einzelnen Ports in Ihrem Switch sicherer machen, durch die Verwendung einer Firewall. Sie m\u00fcssen statische Routen oder dynamische Routing Protokolle anwenden. Wollen ein Port-Forwarding auf dem Router einrichten und wissen nicht, wie dieser konfiguriert werden mu\u00df. Sie m\u00f6chten \u00fcber einen Router NAT f\u00fcr Clients einrichten. Wir w\u00fcrden uns freuen, Ihnen dabei helfen zu d\u00fcrfen. Wir installieren, konfigurieren und testen mit Ihnen zusammen, die Verbindung zur Aussenwelt.<\/p>\n\n\n\n<p>Router (Hardware- und Software Router 2 NICs)<br>Router (Einw\u00e4hl- oder Standleitung)<br>Switch L2\/L3<br>ADSL \u2013 Modem (UR2)<br>SDSL<br>Glasfaser (Deutsche Glasfaser)<\/p>\n","protected":false},"excerpt":{"rendered":"<p>Sie sind stolzer Besitzer eines DSL-Anschlusses. Erhalten von Ihrem Internet Service Provider keine weiteren Informationen zur Installation und Konfiguration Ihres DSL-Modems oder Routers. Sie wollen die einzelnen Ports in Ihrem Switch sicherer machen, durch die Verwendung einer Firewall. Sie m\u00fcssen statische Routen oder dynamische Routing Protokolle anwenden. Wollen ein Port-Forwarding auf dem Router einrichten und &hellip; <\/p>\n<p class=\"link-more\"><a href=\"https:\/\/cofoek.de\/eu\/uebertragungsmedien\/\" class=\"more-link\"><span class=\"screen-reader-text\">\u201eVerbindung\u201c <\/span>weiterlesen<\/a><\/p>\n","protected":false},"author":3,"featured_media":0,"parent":0,"menu_order":0,"comment_status":"closed","ping_status":"closed","template":"","meta":{"footnotes":""},"class_list":["post-174","page","type-page","status-publish","hentry"],"jetpack_sharing_enabled":true,"_links":{"self":[{"href":"https:\/\/cofoek.de\/eu\/wp-json\/wp\/v2\/pages\/174","targetHints":{"allow":["GET"]}}],"collection":[{"href":"https:\/\/cofoek.de\/eu\/wp-json\/wp\/v2\/pages"}],"about":[{"href":"https:\/\/cofoek.de\/eu\/wp-json\/wp\/v2\/types\/page"}],"author":[{"embeddable":true,"href":"https:\/\/cofoek.de\/eu\/wp-json\/wp\/v2\/users\/3"}],"replies":[{"embeddable":true,"href":"https:\/\/cofoek.de\/eu\/wp-json\/wp\/v2\/comments?post=174"}],"version-history":[{"count":5,"href":"https:\/\/cofoek.de\/eu\/wp-json\/wp\/v2\/pages\/174\/revisions"}],"predecessor-version":[{"id":874,"href":"https:\/\/cofoek.de\/eu\/wp-json\/wp\/v2\/pages\/174\/revisions\/874"}],"wp:attachment":[{"href":"https:\/\/cofoek.de\/eu\/wp-json\/wp\/v2\/media?parent=174"}],"curies":[{"name":"wp","href":"https:\/\/api.w.org\/{rel}","templated":true}]}}