{"id":676,"date":"2023-05-25T09:55:13","date_gmt":"2023-05-25T09:55:13","guid":{"rendered":"https:\/\/cofoek.de\/eu\/?page_id=676"},"modified":"2023-05-25T09:58:34","modified_gmt":"2023-05-25T09:58:34","slug":"a-propos-de-nous","status":"publish","type":"page","link":"https:\/\/cofoek.de\/eu\/fr\/a-propos-de-nous\/","title":{"rendered":"\u00c0 propos de nous .."},"content":{"rendered":"\n<p>Depuis plus de 30 ans, nous nous consid\u00e9rons comme un partenaire pour les clients professionnels. Notre activit\u00e9 principale est la planification, la gestion et la maintenance de r\u00e9seaux informatiques, l&#8217;h\u00e9bergement Web, le support de notre propre atelier et la formation. Nous sommes heureux d&#8217;organiser des formations en atelier, en interne, en coaching et en coaching en vol. Nos nombreuses ann\u00e9es de savoir-faire pratique et les certifications associ\u00e9es sur les syst\u00e8mes d&#8217;exploitation de serveur respectifs caract\u00e9risent notre force.<\/p>\n\n\n\n<p>R\u00e9pondre aux <strong>attentes<\/strong> et <strong>aux besoins de nos clients<\/strong> est depuis longtemps notre leitmotiv.<\/p>\n","protected":false},"excerpt":{"rendered":"<p>Depuis plus de 30 ans, nous nous consid\u00e9rons comme un partenaire pour les clients professionnels. Notre activit\u00e9 principale est la planification, la gestion et la maintenance de r\u00e9seaux informatiques, l&#8217;h\u00e9bergement Web, le support de notre propre atelier et la formation. Nous sommes heureux d&#8217;organiser des formations en atelier, en interne, en coaching et en coaching &hellip; <\/p>\n<p class=\"link-more\"><a href=\"https:\/\/cofoek.de\/eu\/fr\/a-propos-de-nous\/\" class=\"more-link\"><span class=\"screen-reader-text\">\u201e\u00c0 propos de nous ..\u201c <\/span>weiterlesen<\/a><\/p>\n","protected":false},"author":3,"featured_media":0,"parent":0,"menu_order":0,"comment_status":"closed","ping_status":"closed","template":"","meta":{"footnotes":""},"class_list":["post-676","page","type-page","status-publish","hentry"],"jetpack_sharing_enabled":true,"_links":{"self":[{"href":"https:\/\/cofoek.de\/eu\/wp-json\/wp\/v2\/pages\/676","targetHints":{"allow":["GET"]}}],"collection":[{"href":"https:\/\/cofoek.de\/eu\/wp-json\/wp\/v2\/pages"}],"about":[{"href":"https:\/\/cofoek.de\/eu\/wp-json\/wp\/v2\/types\/page"}],"author":[{"embeddable":true,"href":"https:\/\/cofoek.de\/eu\/wp-json\/wp\/v2\/users\/3"}],"replies":[{"embeddable":true,"href":"https:\/\/cofoek.de\/eu\/wp-json\/wp\/v2\/comments?post=676"}],"version-history":[{"count":2,"href":"https:\/\/cofoek.de\/eu\/wp-json\/wp\/v2\/pages\/676\/revisions"}],"predecessor-version":[{"id":680,"href":"https:\/\/cofoek.de\/eu\/wp-json\/wp\/v2\/pages\/676\/revisions\/680"}],"wp:attachment":[{"href":"https:\/\/cofoek.de\/eu\/wp-json\/wp\/v2\/media?parent=676"}],"curies":[{"name":"wp","href":"https:\/\/api.w.org\/{rel}","templated":true}]}}