{"id":689,"date":"2023-05-25T10:18:00","date_gmt":"2023-05-25T10:18:00","guid":{"rendered":"https:\/\/cofoek.de\/eu\/?page_id=689"},"modified":"2023-05-25T10:18:08","modified_gmt":"2023-05-25T10:18:08","slug":"protection-des-donnees","status":"publish","type":"page","link":"https:\/\/cofoek.de\/eu\/fr\/protection-des-donnees\/","title":{"rendered":"Protection des donn\u00e9es"},"content":{"rendered":"\n<p><strong>D\u00e9claration sur la protection des donn\u00e9es (politique de confidentialit\u00e9) pour COFO e.K.<\/strong><\/p>\n\n\n\n<p><strong>Avant-propos<\/strong><br>Les op\u00e9rateurs de cofoek.de prennent la protection des donn\u00e9es priv\u00e9es au s\u00e9rieux. L&#8217;attention particuli\u00e8re port\u00e9e \u00e0 la confidentialit\u00e9 lors du traitement des donn\u00e9es personnelles est une pr\u00e9occupation importante. Les donn\u00e9es personnelles sont utilis\u00e9es conform\u00e9ment aux dispositions de la loi f\u00e9d\u00e9rale sur la protection des donn\u00e9es BDSG\u00a0; Les exploitants de ce site Web s&#8217;engagent \u00e0 respecter la confidentialit\u00e9. Ces sites Web peuvent contenir des liens vers des sites Web d&#8217;autres fournisseurs auxquels cette d\u00e9claration de protection des donn\u00e9es ne s&#8217;\u00e9tend pas. D&#8217;autres informations importantes peuvent \u00e9galement \u00eatre trouv\u00e9es dans les conditions g\u00e9n\u00e9rales d&#8217;utilisation.<\/p>\n\n\n\n<p><strong>1. Donn\u00e9es personnelles<\/strong><br>Les donn\u00e9es personnelles sont des informations qui peuvent \u00eatre utilis\u00e9es pour d\u00e9terminer l&#8217;identit\u00e9. Cela inclut des informations telles que le nom, l&#8217;adresse, l&#8217;adresse postale, le num\u00e9ro de t\u00e9l\u00e9phone. Les informations qui ne sont pas directement associ\u00e9es \u00e0 l&#8217;identit\u00e9 r\u00e9elle (telles que les sites Web favoris ou le nombre d&#8217;utilisateurs d&#8217;un site) ne sont pas incluses.<br>En principe, vous pouvez utiliser notre offre en ligne sans r\u00e9v\u00e9ler votre identit\u00e9. Si vous d\u00e9cidez de vous inscrire, c&#8217;est-\u00e0-dire de vous inscrire en tant que membre (utilisateur enregistr\u00e9), vous pouvez stocker des informations personnelles dans le profil d&#8217;utilisateur individuel. Il est soumis \u00e0 la libre d\u00e9cision si ces donn\u00e9es sont saisies. \u00c9tant donn\u00e9 que l&#8217;on tente de collecter le moins de donn\u00e9es personnelles possible pour l&#8217;utilisation de l&#8217;offre, il suffit de s&#8217;inscrire sous un nom &#8211; sous lequel vous \u00eates inscrit en tant que membre et qui ne doit pas n\u00e9cessairement correspondre \u00e0 votre vrai nom &#8211; et l&#8217;e &#8211; Adresse e-mail \u00e0 laquelle le mot de passe sera envoy\u00e9. Dans le cadre de l&#8217;acc\u00e8s \u00e0 notre site Web, des donn\u00e9es (par exemple l&#8217;adresse IP, la date, l&#8217;heure et les pages consult\u00e9es) sont stock\u00e9es c\u00f4t\u00e9 serveur. Il n&#8217;y a pas d&#8217;utilisation personnelle. L&#8217;analyse statistique des enregistrements de donn\u00e9es anonymes reste r\u00e9serv\u00e9e.<br>Nous utilisons les donn\u00e9es personnelles \u00e0 des fins d&#8217;administration technique des sites Web et de gestion de la client\u00e8le uniquement dans la mesure requise dans chaque cas. De plus, les donn\u00e9es personnelles ne sont stock\u00e9es que si elles sont fournies volontairement.<\/p>\n\n\n\n<p><strong>2. Divulgation des donn\u00e9es personnelles<\/strong><br>Nous utilisons les informations personnelles uniquement pour ce site Web. Nous ne transmettons pas les informations \u00e0 des tiers sans consentement expr\u00e8s. Si des donn\u00e9es sont transmises \u00e0 des prestataires de services dans le cadre du traitement des donn\u00e9es de commande, ils sont li\u00e9s par la loi f\u00e9d\u00e9rale sur la protection des donn\u00e9es BDSG, d&#8217;autres dispositions l\u00e9gales et la pr\u00e9sente politique de confidentialit\u00e9.<br>Les donn\u00e9es personnelles ne sont collect\u00e9es ou transmises aux institutions et autorit\u00e9s \u00e9tatiques que dans le cadre des dispositions l\u00e9gales imp\u00e9ratives.<\/p>\n\n\n\n<p><strong>3. Utilisation des cookies<\/strong><br>Nous utilisons des cookies &#8211; de petits fichiers contenant des informations de configuration. Ils aident \u00e0 d\u00e9terminer les param\u00e8tres sp\u00e9cifiques \u00e0 l&#8217;utilisateur et \u00e0 mettre en \u0153uvre des fonctions utilisateur sp\u00e9ciales. Nous ne collectons aucune information personnellement identifiable par le biais de cookies. Toutes les fonctions du site Web peuvent \u00e9galement \u00eatre utilis\u00e9es sans cookies, mais certaines propri\u00e9t\u00e9s et param\u00e8tres d\u00e9finis par l&#8217;utilisateur ne sont alors pas disponibles.<\/p>\n\n\n\n<p><strong>4. Enfants<\/strong><br>Les personnes de moins de 18 ans ne doivent pas nous transmettre de donn\u00e9es personnelles sans le consentement de leurs parents ou tuteurs. Nous ne sollicitons, ne collectons ni ne partageons les informations personnelles des enfants.<\/p>\n\n\n\n<p><strong>5. Droit de r\u00e9tractation<\/strong><br>Si vous nous avez fourni des donn\u00e9es personnelles, vous pouvez les modifier et les supprimer \u00e0 tout moment dans le profil d&#8217;utilisateur. Pour une suppression compl\u00e8te du compte, veuillez contacter le webmaster. Toutefois, les contributions dans les forums, les commentaires, les annonces de rendez-vous et les articles r\u00e9dig\u00e9s jusqu&#8217;\u00e0 pr\u00e9sent peuvent \u00eatre conserv\u00e9s &#8211; des informations \u00e0 ce sujet peuvent \u00e9galement \u00eatre trouv\u00e9es dans les conditions g\u00e9n\u00e9rales d&#8217;utilisation.<\/p>\n\n\n\n<p><strong>6. Liens vers d&#8217;autres sites<\/strong><br>Notre offre en ligne contient des liens vers d&#8217;autres sites Web. Nous n&#8217;avons aucune influence sur le respect par leurs op\u00e9rateurs des r\u00e8gles de protection des donn\u00e9es.<\/p>\n\n\n\n<p><strong>7. Messages<\/strong><br>Les articles de notre site sont accessibles \u00e0 tous. Les contributions doivent \u00eatre soigneusement v\u00e9rifi\u00e9es avant publication afin de s&#8217;assurer qu&#8217;elles ne contiennent pas d&#8217;informations qui ne sont pas destin\u00e9es au public. Les contributions peuvent \u00eatre enregistr\u00e9es dans les moteurs de recherche et peuvent \u00e9galement \u00eatre consult\u00e9es dans le monde entier sans appeler sp\u00e9cifiquement ce site Web.<\/p>\n\n\n\n<p><strong>8. Questions et commentaires<\/strong><br>Si vous avez des questions, des suggestions ou des commentaires sur le sujet de la protection des donn\u00e9es, veuillez envoyer un e-mail au webmaster de cofoek.de.<\/p>\n","protected":false},"excerpt":{"rendered":"<p>D\u00e9claration sur la protection des donn\u00e9es (politique de confidentialit\u00e9) pour COFO e.K. Avant-proposLes op\u00e9rateurs de cofoek.de prennent la protection des donn\u00e9es priv\u00e9es au s\u00e9rieux. L&#8217;attention particuli\u00e8re port\u00e9e \u00e0 la confidentialit\u00e9 lors du traitement des donn\u00e9es personnelles est une pr\u00e9occupation importante. Les donn\u00e9es personnelles sont utilis\u00e9es conform\u00e9ment aux dispositions de la loi f\u00e9d\u00e9rale sur la protection &hellip; <\/p>\n<p class=\"link-more\"><a href=\"https:\/\/cofoek.de\/eu\/fr\/protection-des-donnees\/\" class=\"more-link\"><span class=\"screen-reader-text\">\u201eProtection des donn\u00e9es\u201c <\/span>weiterlesen<\/a><\/p>\n","protected":false},"author":3,"featured_media":0,"parent":0,"menu_order":0,"comment_status":"closed","ping_status":"closed","template":"","meta":{"footnotes":""},"class_list":["post-689","page","type-page","status-publish","hentry"],"jetpack_sharing_enabled":true,"_links":{"self":[{"href":"https:\/\/cofoek.de\/eu\/wp-json\/wp\/v2\/pages\/689","targetHints":{"allow":["GET"]}}],"collection":[{"href":"https:\/\/cofoek.de\/eu\/wp-json\/wp\/v2\/pages"}],"about":[{"href":"https:\/\/cofoek.de\/eu\/wp-json\/wp\/v2\/types\/page"}],"author":[{"embeddable":true,"href":"https:\/\/cofoek.de\/eu\/wp-json\/wp\/v2\/users\/3"}],"replies":[{"embeddable":true,"href":"https:\/\/cofoek.de\/eu\/wp-json\/wp\/v2\/comments?post=689"}],"version-history":[{"count":1,"href":"https:\/\/cofoek.de\/eu\/wp-json\/wp\/v2\/pages\/689\/revisions"}],"predecessor-version":[{"id":690,"href":"https:\/\/cofoek.de\/eu\/wp-json\/wp\/v2\/pages\/689\/revisions\/690"}],"wp:attachment":[{"href":"https:\/\/cofoek.de\/eu\/wp-json\/wp\/v2\/media?parent=689"}],"curies":[{"name":"wp","href":"https:\/\/api.w.org\/{rel}","templated":true}]}}