{"id":696,"date":"2023-05-25T10:25:52","date_gmt":"2023-05-25T10:25:52","guid":{"rendered":"https:\/\/cofoek.de\/eu\/?page_id=696"},"modified":"2023-05-25T14:50:10","modified_gmt":"2023-05-25T14:50:10","slug":"imprimer","status":"publish","type":"page","link":"https:\/\/cofoek.de\/eu\/fr\/imprimer\/","title":{"rendered":"Imprimer"},"content":{"rendered":"\n<p>Tous les noms, termes, symboles et graphiques utilis\u00e9s ici peuvent \u00eatre des marques ou des marques d\u00e9pos\u00e9es appartenant \u00e0 leurs propri\u00e9taires l\u00e9gaux. Les droits sur tous les noms de marque et marques mentionn\u00e9s et utilis\u00e9s appartiennent exclusivement \u00e0 leurs propri\u00e9taires.<\/p>\n\n\n\n<p><strong>Adresse de livraison et postale :<\/strong><\/p>\n\n\n\n<figure class=\"wp-block-table\"><table><tbody><tr><td>COFO e.K.<\/td><td>T\u00e9l\u00e9phone :<\/td><td>+49 6033 9732617<\/td><\/tr><tr><td>Schneidwaldstrasse 11<\/td><td>Fax: <\/td><td>+49 6033 9732618<\/td><\/tr><tr><td>D-35510 Butzbach\/Kirch-Goens<\/td><td><\/td><td><\/td><\/tr><\/tbody><\/table><\/figure>\n\n\n\n<p><strong>Information l\u00e9gale:<\/strong><br>Repr\u00e9sentant autoris\u00e9 : Klaus Forker<br>Num\u00e9ro d&#8217;identification fiscale selon \u00a727a<br>Num\u00e9ro de TVA : DE179160232<br>Tribunal d&#8217;enregistrement : Friedberg<br>Num\u00e9ro d&#8217;enregistrement : HRA4611<\/p>\n\n\n\n<p><strong>Responsable du contenu selon TMG&nbsp;:<\/strong><br>Klaus Forker : info@cofoek.de<\/p>\n","protected":false},"excerpt":{"rendered":"<p>Tous les noms, termes, symboles et graphiques utilis\u00e9s ici peuvent \u00eatre des marques ou des marques d\u00e9pos\u00e9es appartenant \u00e0 leurs propri\u00e9taires l\u00e9gaux. Les droits sur tous les noms de marque et marques mentionn\u00e9s et utilis\u00e9s appartiennent exclusivement \u00e0 leurs propri\u00e9taires. Adresse de livraison et postale : COFO e.K. T\u00e9l\u00e9phone : +49 6033 9732617 Schneidwaldstrasse 11 &hellip; <\/p>\n<p class=\"link-more\"><a href=\"https:\/\/cofoek.de\/eu\/fr\/imprimer\/\" class=\"more-link\"><span class=\"screen-reader-text\">\u201eImprimer\u201c <\/span>weiterlesen<\/a><\/p>\n","protected":false},"author":3,"featured_media":0,"parent":0,"menu_order":0,"comment_status":"closed","ping_status":"closed","template":"","meta":{"footnotes":""},"class_list":["post-696","page","type-page","status-publish","hentry"],"jetpack_sharing_enabled":true,"_links":{"self":[{"href":"https:\/\/cofoek.de\/eu\/wp-json\/wp\/v2\/pages\/696","targetHints":{"allow":["GET"]}}],"collection":[{"href":"https:\/\/cofoek.de\/eu\/wp-json\/wp\/v2\/pages"}],"about":[{"href":"https:\/\/cofoek.de\/eu\/wp-json\/wp\/v2\/types\/page"}],"author":[{"embeddable":true,"href":"https:\/\/cofoek.de\/eu\/wp-json\/wp\/v2\/users\/3"}],"replies":[{"embeddable":true,"href":"https:\/\/cofoek.de\/eu\/wp-json\/wp\/v2\/comments?post=696"}],"version-history":[{"count":2,"href":"https:\/\/cofoek.de\/eu\/wp-json\/wp\/v2\/pages\/696\/revisions"}],"predecessor-version":[{"id":778,"href":"https:\/\/cofoek.de\/eu\/wp-json\/wp\/v2\/pages\/696\/revisions\/778"}],"wp:attachment":[{"href":"https:\/\/cofoek.de\/eu\/wp-json\/wp\/v2\/media?parent=696"}],"curies":[{"name":"wp","href":"https:\/\/api.w.org\/{rel}","templated":true}]}}