{"id":707,"date":"2023-05-25T10:35:45","date_gmt":"2023-05-25T10:35:45","guid":{"rendered":"https:\/\/cofoek.de\/eu\/?page_id=707"},"modified":"2023-05-26T09:46:36","modified_gmt":"2023-05-26T09:46:36","slug":"conditions-dutilisation","status":"publish","type":"page","link":"https:\/\/cofoek.de\/eu\/fr\/conditions-dutilisation\/","title":{"rendered":"Programmation"},"content":{"rendered":"\n<p>Ensemble, nous choisissons le bon langage de programmation pour la solution optimale. Pour ce faire, nous analysons d\u00e8s le d\u00e9but le processus de travail et la programmation r\u00e9els, quelles fonctions doivent \u00eatre incluses et avec quels langages de programmation cela peut \u00eatre le mieux impl\u00e9ment\u00e9. Nous vous assistons dans les langages de script suivants\u00a0:<\/p>\n\n\n\n<p>PHP<br>Javascript<br>Image de synth\u00e8se<br>FRAPPER<br>HTML<br>CSS<br>XML\/XLS<br>SS<br>powershell<\/p>\n\n\n\n<p>et langages de programmation :<\/p>\n\n\n\n<p>C++<br>Java<br>vision turbo<\/p>\n","protected":false},"excerpt":{"rendered":"<p>Ensemble, nous choisissons le bon langage de programmation pour la solution optimale. Pour ce faire, nous analysons d\u00e8s le d\u00e9but le processus de travail et la programmation r\u00e9els, quelles fonctions doivent \u00eatre incluses et avec quels langages de programmation cela peut \u00eatre le mieux impl\u00e9ment\u00e9. Nous vous assistons dans les langages de script suivants\u00a0: PHPJavascriptImage &hellip; <\/p>\n<p class=\"link-more\"><a href=\"https:\/\/cofoek.de\/eu\/fr\/conditions-dutilisation\/\" class=\"more-link\"><span class=\"screen-reader-text\">\u201eProgrammation\u201c <\/span>weiterlesen<\/a><\/p>\n","protected":false},"author":3,"featured_media":0,"parent":0,"menu_order":0,"comment_status":"closed","ping_status":"closed","template":"","meta":{"footnotes":""},"class_list":["post-707","page","type-page","status-publish","hentry"],"jetpack_sharing_enabled":true,"_links":{"self":[{"href":"https:\/\/cofoek.de\/eu\/wp-json\/wp\/v2\/pages\/707","targetHints":{"allow":["GET"]}}],"collection":[{"href":"https:\/\/cofoek.de\/eu\/wp-json\/wp\/v2\/pages"}],"about":[{"href":"https:\/\/cofoek.de\/eu\/wp-json\/wp\/v2\/types\/page"}],"author":[{"embeddable":true,"href":"https:\/\/cofoek.de\/eu\/wp-json\/wp\/v2\/users\/3"}],"replies":[{"embeddable":true,"href":"https:\/\/cofoek.de\/eu\/wp-json\/wp\/v2\/comments?post=707"}],"version-history":[{"count":4,"href":"https:\/\/cofoek.de\/eu\/wp-json\/wp\/v2\/pages\/707\/revisions"}],"predecessor-version":[{"id":863,"href":"https:\/\/cofoek.de\/eu\/wp-json\/wp\/v2\/pages\/707\/revisions\/863"}],"wp:attachment":[{"href":"https:\/\/cofoek.de\/eu\/wp-json\/wp\/v2\/media?parent=707"}],"curies":[{"name":"wp","href":"https:\/\/api.w.org\/{rel}","templated":true}]}}