{"id":712,"date":"2023-05-25T10:39:22","date_gmt":"2023-05-25T10:39:22","guid":{"rendered":"https:\/\/cofoek.de\/eu\/?page_id=712"},"modified":"2023-05-25T10:47:15","modified_gmt":"2023-05-25T10:47:15","slug":"conditions-dutilisation-2","status":"publish","type":"page","link":"https:\/\/cofoek.de\/eu\/fr\/conditions-dutilisation-2\/","title":{"rendered":"Conditions d&#8217;utilisation"},"content":{"rendered":"\n<p><strong>Conditions g\u00e9n\u00e9rales d&#8217;utilisation de COFO e.K.<\/strong><\/p>\n\n\n\n<p><strong>1. Informations sur le droit d&#8217;auteur<\/strong><br>Toutes les informations sur ce site Web sont fournies telles qu&#8217;\u00e9nonc\u00e9es sans aucune pr\u00e9tention d&#8217;exactitude, d&#8217;exhaustivit\u00e9 ou d&#8217;actualit\u00e9.<br>Sauf disposition expresse contraire dans cette publication, en relation avec un extrait, un fichier ou un document particulier, toute personne est autoris\u00e9e \u00e0 visualiser, copier, imprimer et distribuer ce document sous r\u00e9serve des conditions suivantes&nbsp;:<br>Le document ne peut \u00eatre utilis\u00e9 qu&#8217;\u00e0 des fins d&#8217;information non commerciales. Toute copie de ce document ou de toute partie de celui-ci doit contenir cet avis de copyright et l&#8217;avis de copyright de l&#8217;op\u00e9rateur. Le document, toute copie du document ou une partie de celui-ci ne peut \u00eatre modifi\u00e9 sans l&#8217;accord \u00e9crit de l&#8217;exploitant. L&#8217;Op\u00e9rateur se r\u00e9serve le droit de r\u00e9voquer cette autorisation \u00e0 tout moment et toute utilisation doit cesser imm\u00e9diatement apr\u00e8s la publication d&#8217;un avis \u00e9crit de l&#8217;Op\u00e9rateur.<\/p>\n\n\n\n<p><strong>2. D\u00e9clarations contractuelles et renonciations<\/strong><br>Le site COFO e.K. est mis \u00e0 votre disposition gratuitement, sauf convention contraire. Les op\u00e9rateurs d\u00e9clinent toute responsabilit\u00e9 quant \u00e0 l&#8217;exactitude des informations contenues, la disponibilit\u00e9 des services, la perte d&#8217;informations sur COFO e.K. les donn\u00e9es stock\u00e9es ou l&#8217;utilisabilit\u00e9 \u00e0 des fins particuli\u00e8res.<br>Les op\u00e9rateurs ne sont pas non plus responsables des dommages indirects r\u00e9sultant de l&#8217;utilisation de l&#8217;offre.<br>Dans la mesure o\u00f9 une exclusion de responsabilit\u00e9 est hors de question, les op\u00e9rateurs ne sont responsables qu&#8217;en cas de n\u00e9gligence grave et d&#8217;intention. Les noms de produits et de soci\u00e9t\u00e9s sont des marques d\u00e9pos\u00e9es de leurs propri\u00e9taires respectifs et sont utilis\u00e9s sur ce site \u00e0 des fins d&#8217;information uniquement.<br>Cette publication peut contenir des inexactitudes techniques ou autres, ou des erreurs typographiques ou typographiques. Des modifications seront apport\u00e9es \u00e0 ces informations de temps \u00e0 autre&nbsp;; ces modifications seront incluses dans les nouvelles \u00e9ditions de la publication. L&#8217;exploitant peut \u00e0 tout moment apporter des am\u00e9liorations et\/ou des modifications aux offres d\u00e9crites dans cette publication.<\/p>\n\n\n\n<p><strong>3. Exprimer des opinions dans les commentaires et sur le forum<\/strong><br>En raison du contenu en constante \u00e9volution des commentaires et du forum, il n&#8217;est pas possible pour l&#8217;op\u00e9rateur de visualiser toutes les contributions dans leur int\u00e9gralit\u00e9, de v\u00e9rifier leur contenu et d&#8217;exercer un contr\u00f4le direct et actif sur celles-ci. Aucune responsabilit\u00e9 n&#8217;est assum\u00e9e pour le contenu, l&#8217;exactitude et la forme des contributions publi\u00e9es.<\/p>\n\n\n\n<p><strong>3a. Dispositions sp\u00e9ciales pour les utilisateurs enregistr\u00e9s<\/strong><br>En vous inscrivant aupr\u00e8s de COFO e.K. l&#8217;utilisateur &#8211; ci-apr\u00e8s &#8222;membre&#8220; &#8211; s&#8217;engage aupr\u00e8s de l&#8217;op\u00e9rateur avec les conditions d&#8217;utilisation suivantes&nbsp;:<br>Les membres qui participent aux forums de discussion et aux commentaires s&#8217;engagent \u00e0&nbsp;:<\/p>\n\n\n\n<p>* 1. S&#8217;abstenir de toute insulte, contenu criminel, pornographie et langage grossier dans vos messages,<\/p>\n\n\n\n<p>* 2. Assumer l&#8217;enti\u00e8re responsabilit\u00e9 du contenu que vous publiez, ne pas enfreindre les droits de tiers (en particulier les marques, les droits d&#8217;auteur et les droits de la personne) et indemniser compl\u00e8tement les exploitants de \u00bbCOFO e.K.\u00ab des r\u00e9clamations de tiers d\u00e9clench\u00e9es par leur contributions.<\/p>\n\n\n\n<p>* 3. Ni dans les forums ni dans les commentaires ne publient de publicit\u00e9s de quelque nature que ce soit ou n&#8217;utilisent les forums et les commentaires pour tout type d&#8217;activit\u00e9 commerciale. Ceci s&#8217;applique en particulier \u00e0 la publication de num\u00e9ros \u00ab&nbsp;0900&nbsp;\u00bb \u00e0 quelque fin que ce soit.<\/p>\n\n\n\n<p>Il n&#8217;existe aucun droit \u00e0 la publication des commentaires soumis ou des contributions au forum. Les op\u00e9rateurs de \u00bbCOFO e.K.\u00ab se r\u00e9servent le droit de modifier ou de supprimer les commentaires et les messages du forum \u00e0 leur propre discr\u00e9tion. En cas de violation des obligations sous 1), 2) et 3), les op\u00e9rateurs se r\u00e9servent \u00e9galement le droit de bloquer temporairement ou de supprimer d\u00e9finitivement l&#8217;adh\u00e9sion.<\/p>\n\n\n\n<p><strong>4. Soumission des Contributions et des Articles<\/strong><br>Si le membre profite de la possibilit\u00e9 de soumettre ses propres contributions pour la partie \u00e9ditoriale de \u00bbCOFO e.K.\u00ab, ce qui suit s&#8217;applique&nbsp;:<br>La condition pr\u00e9alable \u00e0 la publication de vos propres contributions est que le membre ait saisi son nom et pr\u00e9nom complets et corrects dans son profil d&#8217;utilisateur \u00bbCOFO e.K.\u00ab ou les y ait saisis apr\u00e8s avoir soumis l&#8217;article. La contribution soumise sera marqu\u00e9e du nom qui y est entr\u00e9 lors de sa publication (publique).<br>Le membre fait les d\u00e9clarations suivantes pour toutes les contributions qu&#8217;il soumettra \u00e0 \u00bbCOFO e.K.\u00ab \u00e0 l&#8217;avenir&nbsp;:<\/p>\n\n\n\n<p>* 1. Le membre garantit que les contributions soumises sont libres de droits de tiers, notamment de droits d&#8217;auteur, de marques ou de droits personnels. Ceci s&#8217;applique \u00e0 toutes les contributions et images soumises.<\/p>\n\n\n\n<p>* 2. Le membre accorde aux op\u00e9rateurs de \u00bbCOFO e.K.\u00ab un droit d&#8217;utilisation illimit\u00e9 des contributions soumises. Cela inclut la publication sur Internet sur &#8222;COFO e.K.&#8220; et sur d&#8217;autres serveurs Internet, dans des newsletters, des m\u00e9dias imprim\u00e9s et d&#8217;autres publications.<\/p>\n\n\n\n<p>* 3. Les contributions soumises seront supprim\u00e9es ou rendues anonymes \u00e0 la demande du membre par e-mail \u00e0 l&#8217;adresse du webmaster. La suppression ou l&#8217;anonymisation a lieu dans les 7 jours suivant la notification. Les exploitants ne sont responsables des dommages indirects subis par le membre du fait de la suppression tardive de la contribution que dans la mesure o\u00f9 ils ne sont pas fond\u00e9s sur un manquement au devoir du membre (ci-dessus sous 1), 2) et 3)) et dans la mesure o\u00f9 ils sont \u00e9galement fond\u00e9es sur une n\u00e9gligence grave ou une intention de la part des op\u00e9rateurs de \u00bbCOFO e.K.\u00ab sont fond\u00e9es. Dans ce contexte, nous soulignons express\u00e9ment que \u00bbCOFO e.K.\u00ab est r\u00e9guli\u00e8rement index\u00e9 par les moteurs de recherche et que nous n&#8217;avons aucune influence sur le fait de savoir si, o\u00f9 et pendant combien de temps les articles que nous publions peuvent rester dans les bases de donn\u00e9es des moteurs de recherche et les catalogues Web sont stock\u00e9s et peut \u00eatre appel\u00e9.<\/p>\n\n\n\n<p>* 4. Il n&#8217;y a aucun droit au stockage, \u00e0 la publication ou \u00e0 l&#8217;archivage des contributions soumises. Les op\u00e9rateurs se r\u00e9servent le droit de ne pas publier les contributions soumises sans donner de raisons, de les modifier avant publication ou de les supprimer \u00e0 nouveau \u00e0 leur propre discr\u00e9tion apr\u00e8s publication.<\/p>\n\n\n\n<p>* 5. La publication des contributions soumises ne donne lieu \u00e0 aucune r\u00e9clamation de r\u00e9mun\u00e9ration (cotisations, droits de licence, remboursement de d\u00e9penses ou similaires) du membre contre \u00bbCOFO e.K.\u00ab. La participation est volontaire (non r\u00e9mun\u00e9r\u00e9e).<\/p>\n\n\n\n<p><strong>5. Politique de confidentialit\u00e9<\/strong><br>Si la possibilit\u00e9 de saisir des donn\u00e9es personnelles ou professionnelles est utilis\u00e9e dans le cadre de l&#8217;offre Internet, la divulgation de ces donn\u00e9es a lieu de la part de l&#8217;utilisateur sur une base express\u00e9ment volontaire. L&#8217;utilisation de notre service est &#8211; dans la mesure o\u00f9 cela est techniquement possible et raisonnable &#8211; autoris\u00e9e sans fournir de telles donn\u00e9es ou en fournissant des donn\u00e9es anonymes ou un pseudonyme. Vous trouverez d&#8217;autres informations importantes sur le sujet de la protection des donn\u00e9es dans notre politique de confidentialit\u00e9.<\/p>\n\n\n\n<p><strong>6. Inscription et mot de passe<\/strong><br>L&#8217;utilisateur est tenu de traiter la combinaison nom d&#8217;utilisateur\/mot de passe de mani\u00e8re confidentielle et de ne pas la transmettre \u00e0 des tiers. L&#8217;op\u00e9rateur doit \u00eatre inform\u00e9 si une utilisation abusive des donn\u00e9es d&#8217;acc\u00e8s est suspect\u00e9e.<\/p>\n\n\n\n<p><strong>7. Remarque conform\u00e9ment \u00e0 la loi sur les t\u00e9l\u00e9services<\/strong><br>Les fournisseurs respectifs sont responsables des sites Web tiers auxquels cette offre renvoie via des liens. L&#8217;op\u00e9rateur n&#8217;est pas responsable du contenu de ces sites tiers. En outre, le site Web peut \u00eatre li\u00e9 \u00e0 d&#8217;autres sites au moyen de ce que l&#8217;on appelle des liens \u00e0 notre insu. L&#8217;exploitant n&#8217;assume aucune responsabilit\u00e9 pour les repr\u00e9sentations, le contenu ou toute connexion \u00e0 ce site Web sur des sites Web tiers. L&#8217;op\u00e9rateur n&#8217;est responsable du contenu de tiers que s&#8217;il en a une connaissance positive (c&#8217;est-\u00e0-dire \u00e9galement un contenu ill\u00e9gal ou criminel) et s&#8217;il est techniquement possible et raisonnable d&#8217;emp\u00eacher son utilisation. Cependant, selon la loi sur les t\u00e9l\u00e9services, l&#8217;op\u00e9rateur n&#8217;est pas oblig\u00e9 de v\u00e9rifier en permanence le contenu externe.<\/p>\n\n\n\n<p><strong>Contact<\/strong><br>Questions sur COFO e.K. S&#8217;il vous pla\u00eet, contacter le web master.<\/p>\n\n\n\n<p><strong>Effet juridique<\/strong><br>Les pr\u00e9sentes conditions g\u00e9n\u00e9rales d&#8217;utilisation concernent COFO e.K..<br>Si des parties ou des formulations individuelles de ce texte ne correspondent pas, plus ou pas compl\u00e8tement \u00e0 la situation juridique applicable, les autres parties du document restent inchang\u00e9es dans leur contenu et leur validit\u00e9.<\/p>\n","protected":false},"excerpt":{"rendered":"<p>Conditions g\u00e9n\u00e9rales d&#8217;utilisation de COFO e.K. 1. Informations sur le droit d&#8217;auteurToutes les informations sur ce site Web sont fournies telles qu&#8217;\u00e9nonc\u00e9es sans aucune pr\u00e9tention d&#8217;exactitude, d&#8217;exhaustivit\u00e9 ou d&#8217;actualit\u00e9.Sauf disposition expresse contraire dans cette publication, en relation avec un extrait, un fichier ou un document particulier, toute personne est autoris\u00e9e \u00e0 visualiser, copier, imprimer et &hellip; <\/p>\n<p class=\"link-more\"><a href=\"https:\/\/cofoek.de\/eu\/fr\/conditions-dutilisation-2\/\" class=\"more-link\"><span class=\"screen-reader-text\">\u201eConditions d&#8217;utilisation\u201c <\/span>weiterlesen<\/a><\/p>\n","protected":false},"author":3,"featured_media":0,"parent":0,"menu_order":0,"comment_status":"closed","ping_status":"closed","template":"","meta":{"footnotes":""},"class_list":["post-712","page","type-page","status-publish","hentry"],"jetpack_sharing_enabled":true,"_links":{"self":[{"href":"https:\/\/cofoek.de\/eu\/wp-json\/wp\/v2\/pages\/712","targetHints":{"allow":["GET"]}}],"collection":[{"href":"https:\/\/cofoek.de\/eu\/wp-json\/wp\/v2\/pages"}],"about":[{"href":"https:\/\/cofoek.de\/eu\/wp-json\/wp\/v2\/types\/page"}],"author":[{"embeddable":true,"href":"https:\/\/cofoek.de\/eu\/wp-json\/wp\/v2\/users\/3"}],"replies":[{"embeddable":true,"href":"https:\/\/cofoek.de\/eu\/wp-json\/wp\/v2\/comments?post=712"}],"version-history":[{"count":2,"href":"https:\/\/cofoek.de\/eu\/wp-json\/wp\/v2\/pages\/712\/revisions"}],"predecessor-version":[{"id":720,"href":"https:\/\/cofoek.de\/eu\/wp-json\/wp\/v2\/pages\/712\/revisions\/720"}],"wp:attachment":[{"href":"https:\/\/cofoek.de\/eu\/wp-json\/wp\/v2\/media?parent=712"}],"curies":[{"name":"wp","href":"https:\/\/api.w.org\/{rel}","templated":true}]}}