{"id":715,"date":"2023-05-25T10:42:58","date_gmt":"2023-05-25T10:42:58","guid":{"rendered":"https:\/\/cofoek.de\/eu\/?page_id=715"},"modified":"2023-05-25T10:48:55","modified_gmt":"2023-05-25T10:48:55","slug":"termini-di-utilizzo","status":"publish","type":"page","link":"https:\/\/cofoek.de\/eu\/it\/termini-di-utilizzo\/","title":{"rendered":"Termini di utilizzo"},"content":{"rendered":"\n<p><strong>Condizioni generali di utilizzo per COFO e.K.<\/strong><\/p>\n\n\n\n<p><strong>1. Informazioni sul copyright<\/strong><br>Tutte le informazioni su questo sito Web sono fornite come indicato senza alcuna pretesa di correttezza, completezza o attualit\u00e0.<br>Salvo quanto espressamente previsto nella presente pubblicazione, in relazione a un particolare estratto, file o documento, chiunque \u00e8 autorizzato a visualizzare, copiare, stampare e distribuire questo documento alle seguenti condizioni:<br>Il documento pu\u00f2 essere utilizzato solo per scopi informativi non commerciali. Qualsiasi copia di questo documento o parte di esso deve contenere questo avviso di copyright e l&#8217;avviso di copyright dell&#8217;operatore. Il documento, qualsiasi copia del documento o parte di esso non pu\u00f2 essere modificato senza il consenso scritto dell&#8217;operatore. L&#8217;Operatore si riserva il diritto di revocare questa autorizzazione in qualsiasi momento e qualsiasi utilizzo deve cessare immediatamente dopo l&#8217;invio di una comunicazione scritta da parte dell&#8217;Operatore.<\/p>\n\n\n\n<p><strong>2. Dichiarazioni contrattuali e rinunce<\/strong><br>Il sito COFO e.K. \u00e8 a vostra disposizione gratuitamente, salvo diverso accordo. Gli operatori non si assumono alcuna responsabilit\u00e0 per la correttezza delle informazioni contenute, la disponibilit\u00e0 dei servizi, la perdita di informazioni su COFO e.K. dati memorizzati o utilizzabilit\u00e0 per qualsiasi scopo particolare.<br>Gli operatori non sono inoltre responsabili per danni consequenziali derivanti dall&#8217;utilizzo dell&#8217;offerta.<br>Nella misura in cui un&#8217;esclusione di responsabilit\u00e0 \u00e8 esclusa, gli operatori sono responsabili solo per negligenza grave e dolo. I nomi di prodotti e societ\u00e0 sono marchi dei rispettivi proprietari e sono utilizzati su questo sito solo a scopo informativo.<br>Questa pubblicazione potrebbe contenere imprecisioni tecniche o di altro tipo, oppure errori tipografici o tipografici. Verranno apportate modifiche a queste informazioni di volta in volta; queste modifiche saranno incluse nelle nuove edizioni della pubblicazione. L&#8217;operatore pu\u00f2 apportare miglioramenti e\/o modifiche alle offerte descritte in questa pubblicazione in qualsiasi momento.<\/p>\n\n\n\n<p><strong>3. Esprimere opinioni nei commenti e nel forum<\/strong><br>A causa del contenuto in continua evoluzione dei commenti e del forum, non \u00e8 possibile per l&#8217;operatore visualizzare completamente tutti i contributi, verificarne il contenuto ed esercitare un controllo diretto e attivo su di essi. Si declina ogni responsabilit\u00e0 per il contenuto, la correttezza e la forma dei contributi postati.<\/p>\n\n\n\n<p><strong>3a. Disposizioni speciali per gli utenti registrati<\/strong><br>Registrandosi a COFO e.K. l&#8217;utente &#8211; di seguito &#8222;membro&#8220; &#8211; accetta con l&#8217;operatore i seguenti termini di utilizzo:<br>I membri che partecipano a forum di discussione e commenti accettano di:<\/p>\n\n\n\n<p>* 1. Astenersi da qualsiasi insulto, contenuto criminale, pornografia e linguaggio volgare nei tuoi post,<\/p>\n\n\n\n<p>* 2. Di assumersi la responsabilit\u00e0 esclusiva per i contenuti che pubblichi, di non violare i diritti di terzi (in particolare marchi, diritti d&#8217;autore e diritti personali) e di manlevare completamente gli operatori di \u00bbCOFO e.K.\u00ab da rivendicazioni di terzi innescate dalla loro contributi.<\/p>\n\n\n\n<p>* 3. N\u00e9 nei forum n\u00e9 nei commenti pubblicare pubblicit\u00e0 di alcun tipo o utilizzare forum e commenti per qualsiasi tipo di attivit\u00e0 commerciale. Ci\u00f2 vale in particolare per la pubblicazione di numeri &#8222;0900&#8220; per qualsiasi scopo.<\/p>\n\n\n\n<p>Non vi \u00e8 alcun diritto alla pubblicazione dei commenti inviati o dei contributi del forum. Gli operatori di \u00bbCOFO e.K.\u00ab si riservano il diritto di modificare o eliminare commenti e post del forum a propria discrezione. In caso di violazione degli obblighi di cui ai punti 1), 2) e 3), gli operatori si riservano inoltre il diritto di bloccare temporaneamente o cancellare definitivamente l&#8217;adesione.<\/p>\n\n\n\n<p><strong>4. Presentazione dei contributi e degli articoli<\/strong><br>Se il membro si avvale della possibilit\u00e0 di inviare i propri contributi per la parte editoriale di \u00bbCOFO e.K.\u00ab, si applica quanto segue:<br>Il prerequisito per pubblicare i propri contributi \u00e8 che il membro abbia inserito il proprio nome e cognome completo e corretto nel proprio profilo utente \u00bbCOFO e.K.\u00ab o li abbia inseriti l\u00ec dopo aver inviato l&#8217;articolo. Il contributo inviato sar\u00e0 contrassegnato con il nome inserito l\u00ec quando sar\u00e0 pubblicato (pubblico).<br>Il membro rilascia le seguenti dichiarazioni per tutti i contributi che presenter\u00e0 a \u00bbCOFO e.K.\u00ab in futuro:<\/p>\n\n\n\n<p>* 1. Il membro garantisce che i contributi inviati sono liberi da diritti di terzi, in particolare diritti d&#8217;autore, marchi o diritti personali. Questo vale per tutti i contributi e le immagini inviate.<\/p>\n\n\n\n<p>* 2. Il membro concede agli operatori di \u00bbCOFO e.K.\u00ab il diritto illimitato di utilizzare i contributi inviati. Ci\u00f2 include la pubblicazione su Internet su &#8222;COFO e.K.&#8220; e su altri server Internet, in newsletter, supporti di stampa e altre pubblicazioni.<\/p>\n\n\n\n<p>* 3. I contributi inviati saranno cancellati o resi nuovamente anonimi su richiesta dell&#8217;iscritto via e-mail all&#8217;indirizzo del webmaster. La cancellazione o l&#8217;anonimizzazione avviene entro 7 giorni dalla notifica. Gli operatori sono responsabili solo per i danni consequenziali subiti dal membro dalla cancellazione tardiva del contributo, nella misura in cui non si basano su una violazione degli obblighi da parte del membro (sopra ai punti 1), 2) e 3)) e nella misura in cui sono anche sulla base di grave negligenza o dolo da parte degli operatori di \u00bbCOFO e.K.\u00ab. In questo contesto, segnaliamo espressamente che \u00bbCOFO e.K.\u00ab \u00e8 regolarmente indicizzato dai motori di ricerca e che non abbiamo alcuna influenza su se, dove e per quanto tempo gli articoli pubblicati da noi possono rimanere nei database dei motori di ricerca e dei cataloghi web vengono archiviati e pu\u00f2 essere richiamato.<\/p>\n\n\n\n<p>* 4. Non sussiste alcun diritto all&#8217;archiviazione, alla pubblicazione o all&#8217;archiviazione dei contributi inviati. Gli operatori si riservano il diritto di non pubblicare i contributi inviati senza indicarne i motivi, di modificarli prima della pubblicazione o di cancellarli nuovamente a propria discrezione dopo la pubblicazione.<\/p>\n\n\n\n<p>* 5. La pubblicazione dei contributi inviati non d\u00e0 luogo ad alcuna pretesa di compenso (canone, canone, rimborso spese o simili) del membro nei confronti di \u00bbCOFO e.K.\u00ab. La partecipazione \u00e8 volontaria (non retribuita).<\/p>\n\n\n\n<p><strong>5. Informativa sulla privacy<\/strong><br>Se nell&#8217;ambito dell&#8217;offerta Internet viene utilizzata la possibilit\u00e0 di inserire dati personali o aziendali, la divulgazione di questi dati da parte dell&#8217;utente avviene su base espressamente volontaria. L&#8217;uso del nostro servizio \u00e8 &#8211; per quanto tecnicamente possibile e ragionevole &#8211; consentito senza fornire tali dati o fornendo dati anonimi o uno pseudonimo. Ulteriori informazioni importanti sul tema della protezione dei dati sono disponibili nella nostra informativa sulla privacy.<\/p>\n\n\n\n<p><strong>6. Registrazione e Password<\/strong><br>L&#8217;utente \u00e8 obbligato a trattare con riservatezza la combinazione nome utente\/password ea non trasmetterla a terzi. L&#8217;operatore deve essere informato se si sospetta un uso improprio dei dati di accesso.<\/p>\n\n\n\n<p><strong>7. Nota ai sensi della legge sui teleservizi<\/strong><br>I rispettivi fornitori sono responsabili dei siti Web di terzi a cui questa offerta fa riferimento tramite i cosiddetti collegamenti. Il gestore non \u00e8 responsabile del contenuto di tali siti di terzi. Inoltre, il sito Web pu\u00f2 essere collegato da altri siti tramite i cosiddetti collegamenti a nostra insaputa. L&#8217;operatore non si assume alcuna responsabilit\u00e0 per rappresentazioni, contenuti o qualsiasi collegamento a questo sito Web su siti Web di terzi. L&#8217;operatore \u00e8 responsabile per i contenuti di terzi solo se ne \u00e8 a conoscenza positiva (vale a dire anche di contenuti illegali o criminali) ed \u00e8 tecnicamente possibile e ragionevole impedirne l&#8217;utilizzo. Tuttavia, secondo la legge sui teleservizi, l&#8217;operatore non \u00e8 obbligato a controllare costantemente il contenuto esterno.<\/p>\n\n\n\n<p><strong>Contatto<\/strong><br>Domande su COFO e.K. si prega di contattare il webmaster.<\/p>\n\n\n\n<p><strong>Effetto legale<\/strong><br>Le presenti Condizioni Generali d&#8217;Uso si riferiscono a COFO e.K..<br>Se parti o singole formulazioni di questo testo non corrispondono, non corrispondono pi\u00f9 o non corrispondono completamente alla situazione legale applicabile, le restanti parti del documento rimangono inalterate nel loro contenuto e validit\u00e0.<\/p>\n","protected":false},"excerpt":{"rendered":"<p>Condizioni generali di utilizzo per COFO e.K. 1. Informazioni sul copyrightTutte le informazioni su questo sito Web sono fornite come indicato senza alcuna pretesa di correttezza, completezza o attualit\u00e0.Salvo quanto espressamente previsto nella presente pubblicazione, in relazione a un particolare estratto, file o documento, chiunque \u00e8 autorizzato a visualizzare, copiare, stampare e distribuire questo documento &hellip; <\/p>\n<p class=\"link-more\"><a href=\"https:\/\/cofoek.de\/eu\/it\/termini-di-utilizzo\/\" class=\"more-link\"><span class=\"screen-reader-text\">\u201eTermini di utilizzo\u201c <\/span>weiterlesen<\/a><\/p>\n","protected":false},"author":3,"featured_media":0,"parent":0,"menu_order":0,"comment_status":"closed","ping_status":"closed","template":"","meta":{"footnotes":""},"class_list":["post-715","page","type-page","status-publish","hentry"],"jetpack_sharing_enabled":true,"_links":{"self":[{"href":"https:\/\/cofoek.de\/eu\/wp-json\/wp\/v2\/pages\/715","targetHints":{"allow":["GET"]}}],"collection":[{"href":"https:\/\/cofoek.de\/eu\/wp-json\/wp\/v2\/pages"}],"about":[{"href":"https:\/\/cofoek.de\/eu\/wp-json\/wp\/v2\/types\/page"}],"author":[{"embeddable":true,"href":"https:\/\/cofoek.de\/eu\/wp-json\/wp\/v2\/users\/3"}],"replies":[{"embeddable":true,"href":"https:\/\/cofoek.de\/eu\/wp-json\/wp\/v2\/comments?post=715"}],"version-history":[{"count":2,"href":"https:\/\/cofoek.de\/eu\/wp-json\/wp\/v2\/pages\/715\/revisions"}],"predecessor-version":[{"id":722,"href":"https:\/\/cofoek.de\/eu\/wp-json\/wp\/v2\/pages\/715\/revisions\/722"}],"wp:attachment":[{"href":"https:\/\/cofoek.de\/eu\/wp-json\/wp\/v2\/media?parent=715"}],"curies":[{"name":"wp","href":"https:\/\/api.w.org\/{rel}","templated":true}]}}