{"id":782,"date":"2023-05-26T07:28:56","date_gmt":"2023-05-26T07:28:56","guid":{"rendered":"https:\/\/cofoek.de\/eu\/?page_id=782"},"modified":"2023-05-26T07:28:57","modified_gmt":"2023-05-26T07:28:57","slug":"offres-de-services","status":"publish","type":"page","link":"https:\/\/cofoek.de\/eu\/fr\/offres-de-services\/","title":{"rendered":"Offres de services"},"content":{"rendered":"\n<p>Toutes nos offres de services en un coup d&#8217;\u0153il :<\/p>\n\n\n\n<p>Gr\u00e2ce \u00e0 nos nombreuses ann\u00e9es d&#8217;exp\u00e9rience et \u00e0 nos employ\u00e9s sp\u00e9cialement form\u00e9s, nous sommes en mesure d&#8217;offrir une vari\u00e9t\u00e9 de services. Bien s\u00fbr, nous sommes \u00e9galement heureux de recevoir un appel ou un e-mail si vous ne trouvez rien qui vous convienne ici.<\/p>\n\n\n\n<p>\u2013 Syst\u00e8mes d&#8217;exploitation (Microsoft &amp; Linux)<br>\u2013 Migration de bases de donn\u00e9es (MySQL et Microsoft SQL)<br>\u2013 Gestion LDAP (Microsoft &amp; Linux)<br>\u2013 Gestion du r\u00e9seau (physique &amp; virtuel)<br>\u2013 Supports de transmission r\u00e9seau<br>\u2013 Configurer les services r\u00e9seau<br>\u2013 Programmation (principalement des langages de script)<br>\u2013 Installer\/configurer le serveur racine<br>\u2013 Virtualisation<br>\u2013 Solutions de serveurs de messagerie (Exchange, Postfix, Exim, Qmail)<br>\u2013 Virus\/Spyware \u2013 Analyse de s\u00e9curit\u00e9<br>\u2013 Gestion des risques ITIL \u2013 \u00e9valuation des risques<\/p>\n","protected":false},"excerpt":{"rendered":"<p>Toutes nos offres de services en un coup d&#8217;\u0153il : Gr\u00e2ce \u00e0 nos nombreuses ann\u00e9es d&#8217;exp\u00e9rience et \u00e0 nos employ\u00e9s sp\u00e9cialement form\u00e9s, nous sommes en mesure d&#8217;offrir une vari\u00e9t\u00e9 de services. Bien s\u00fbr, nous sommes \u00e9galement heureux de recevoir un appel ou un e-mail si vous ne trouvez rien qui vous convienne ici. \u2013 Syst\u00e8mes &hellip; <\/p>\n<p class=\"link-more\"><a href=\"https:\/\/cofoek.de\/eu\/fr\/offres-de-services\/\" class=\"more-link\"><span class=\"screen-reader-text\">\u201eOffres de services\u201c <\/span>weiterlesen<\/a><\/p>\n","protected":false},"author":3,"featured_media":0,"parent":0,"menu_order":0,"comment_status":"closed","ping_status":"closed","template":"","meta":{"footnotes":""},"class_list":["post-782","page","type-page","status-publish","hentry"],"jetpack_sharing_enabled":true,"_links":{"self":[{"href":"https:\/\/cofoek.de\/eu\/wp-json\/wp\/v2\/pages\/782","targetHints":{"allow":["GET"]}}],"collection":[{"href":"https:\/\/cofoek.de\/eu\/wp-json\/wp\/v2\/pages"}],"about":[{"href":"https:\/\/cofoek.de\/eu\/wp-json\/wp\/v2\/types\/page"}],"author":[{"embeddable":true,"href":"https:\/\/cofoek.de\/eu\/wp-json\/wp\/v2\/users\/3"}],"replies":[{"embeddable":true,"href":"https:\/\/cofoek.de\/eu\/wp-json\/wp\/v2\/comments?post=782"}],"version-history":[{"count":1,"href":"https:\/\/cofoek.de\/eu\/wp-json\/wp\/v2\/pages\/782\/revisions"}],"predecessor-version":[{"id":783,"href":"https:\/\/cofoek.de\/eu\/wp-json\/wp\/v2\/pages\/782\/revisions\/783"}],"wp:attachment":[{"href":"https:\/\/cofoek.de\/eu\/wp-json\/wp\/v2\/media?parent=782"}],"curies":[{"name":"wp","href":"https:\/\/api.w.org\/{rel}","templated":true}]}}