{"id":788,"date":"2023-05-26T07:32:25","date_gmt":"2023-05-26T07:32:25","guid":{"rendered":"https:\/\/cofoek.de\/eu\/?page_id=788"},"modified":"2023-05-26T07:33:45","modified_gmt":"2023-05-26T07:33:45","slug":"hebergement-web","status":"publish","type":"page","link":"https:\/\/cofoek.de\/eu\/fr\/hebergement-web\/","title":{"rendered":"H\u00e9bergement Web"},"content":{"rendered":"\n<p>Publiez votre propre page d&#8217;accueil sur le World Wide Web. Notre petite s\u00e9lection de packs d&#8217;h\u00e9bergement Web r\u00e9pond \u00e0 toutes les exigences &#8211; d\u00e9cidez vous-m\u00eame.<\/p>\n\n\n\n<p><strong>Qu&#8217;est-ce que l&#8217;h\u00e9bergement Web?<\/strong><br>L&#8217;h\u00e9bergement Web, souvent simplement appel\u00e9 \u00ab\u00a0h\u00e9bergement\u00a0\u00bb dans le jargon informatique, est le placement de sites Web sur le serveur d&#8217;un fournisseur connect\u00e9 \u00e0 Internet. En tant que prestataire de services, l&#8217;h\u00e9bergeur met \u00e0 disposition un espace de stockage sur un serveur qui peut \u00eatre lou\u00e9 par un internaute. L&#8217;utilisateur a alors la possibilit\u00e9 de stocker des fichiers tels que sa page d&#8217;accueil ou des images sur son espace web. La fonctionnalit\u00e9 des offres d&#8217;h\u00e9bergement Web peut varier consid\u00e9rablement. Des offres pour d\u00e9butants avec une carte de visite jusqu&#8217;aux packages professionnels avec MySQL et PHP, une offre adapt\u00e9e peut \u00eatre trouv\u00e9e pour chaque besoin (citation de Wikipedia).<\/p>\n\n\n\n<p><strong>Comment obtenir un domaine?<\/strong><br>Tout d&#8217;abord, pensez \u00e0 un nom pour votre domaine. Celui-ci doit \u00eatre court et significatif. Une fois que vous avez trouv\u00e9 un nom convenable, vous devez v\u00e9rifier si ce nom de domaine est d\u00e9j\u00e0 pris. Pour chaque domaine de premier niveau (de., com., org., \u2026) il existe une organisation &#8211; pour l&#8217;Allemagne DENIC &#8211; qui fournit des informations \u00e0 ce sujet. Avec nous, vous pouvez effectuer la recherche EN LIGNE via la recherche de domaine de l&#8217;\u00e9l\u00e9ment de menu \u00e0 l&#8217;avance. La derni\u00e8re \u00e9tape consiste \u00e0 choisir le bon forfait. Vous pouvez choisir entre JUNIOR, HOME, BUSINESS et, pour les utilisateurs exp\u00e9riment\u00e9s, un syst\u00e8me modulaire d\u00e9fini par l&#8217;utilisateur que vous pouvez assembler vous-m\u00eame. Enfin, il vous suffit de commander EN LIGNE.<\/p>\n\n\n\n<p>Pour les clients qui souhaitent transf\u00e9rer leur domaine chez nous, ce n&#8217;est pas un probl\u00e8me non plus. Nous le ferons pour vous gratuitement, sans bureaucratie et rapidement.<\/p>\n","protected":false},"excerpt":{"rendered":"<p>Publiez votre propre page d&#8217;accueil sur le World Wide Web. Notre petite s\u00e9lection de packs d&#8217;h\u00e9bergement Web r\u00e9pond \u00e0 toutes les exigences &#8211; d\u00e9cidez vous-m\u00eame. Qu&#8217;est-ce que l&#8217;h\u00e9bergement Web?L&#8217;h\u00e9bergement Web, souvent simplement appel\u00e9 \u00ab\u00a0h\u00e9bergement\u00a0\u00bb dans le jargon informatique, est le placement de sites Web sur le serveur d&#8217;un fournisseur connect\u00e9 \u00e0 Internet. En tant que &hellip; <\/p>\n<p class=\"link-more\"><a href=\"https:\/\/cofoek.de\/eu\/fr\/hebergement-web\/\" class=\"more-link\"><span class=\"screen-reader-text\">\u201eH\u00e9bergement Web\u201c <\/span>weiterlesen<\/a><\/p>\n","protected":false},"author":3,"featured_media":0,"parent":0,"menu_order":0,"comment_status":"closed","ping_status":"closed","template":"","meta":{"footnotes":""},"class_list":["post-788","page","type-page","status-publish","hentry"],"jetpack_sharing_enabled":true,"_links":{"self":[{"href":"https:\/\/cofoek.de\/eu\/wp-json\/wp\/v2\/pages\/788","targetHints":{"allow":["GET"]}}],"collection":[{"href":"https:\/\/cofoek.de\/eu\/wp-json\/wp\/v2\/pages"}],"about":[{"href":"https:\/\/cofoek.de\/eu\/wp-json\/wp\/v2\/types\/page"}],"author":[{"embeddable":true,"href":"https:\/\/cofoek.de\/eu\/wp-json\/wp\/v2\/users\/3"}],"replies":[{"embeddable":true,"href":"https:\/\/cofoek.de\/eu\/wp-json\/wp\/v2\/comments?post=788"}],"version-history":[{"count":2,"href":"https:\/\/cofoek.de\/eu\/wp-json\/wp\/v2\/pages\/788\/revisions"}],"predecessor-version":[{"id":792,"href":"https:\/\/cofoek.de\/eu\/wp-json\/wp\/v2\/pages\/788\/revisions\/792"}],"wp:attachment":[{"href":"https:\/\/cofoek.de\/eu\/wp-json\/wp\/v2\/media?parent=788"}],"curies":[{"name":"wp","href":"https:\/\/api.w.org\/{rel}","templated":true}]}}