{"id":790,"date":"2023-05-26T07:33:02","date_gmt":"2023-05-26T07:33:02","guid":{"rendered":"https:\/\/cofoek.de\/eu\/?page_id=790"},"modified":"2023-05-26T07:33:04","modified_gmt":"2023-05-26T07:33:04","slug":"web-hosting-2","status":"publish","type":"page","link":"https:\/\/cofoek.de\/eu\/it\/web-hosting-2\/","title":{"rendered":"Web hosting"},"content":{"rendered":"\n<p>Pubblica la tua home page sul World Wide Web. La nostra piccola selezione di pacchetti di web hosting soddisfa ogni esigenza: decidi tu stesso.<\/p>\n\n\n\n<p><strong>Cos&#8217;\u00e8 l&#8217;hosting web?<\/strong><br>L&#8217;hosting Web, spesso chiamato semplicemente &#8222;hosting&#8220; nel gergo informatico, \u00e8 il posizionamento di siti Web sul server di un provider connesso a Internet. In qualit\u00e0 di fornitore di servizi, l&#8217;host web fornisce spazio di archiviazione su un server che pu\u00f2 essere affittato da un utente Internet. L&#8217;utente ha quindi la possibilit\u00e0 di memorizzare file come la sua home page o immagini sul suo spazio web. La funzionalit\u00e0 delle offerte di web hosting pu\u00f2 variare notevolmente. A partire dalle offerte per principianti con un biglietto da visita fino ai pacchetti professionali con MySQL e PHP, si pu\u00f2 trovare un&#8217;offerta adatta per ogni esigenza (citazione da Wikipedia).<\/p>\n\n\n\n<p><strong>Come si ottiene un dominio?<\/strong><br>Innanzitutto, pensa a un nome per il tuo dominio. Questo dovrebbe essere breve e significativo. Una volta trovato un nome adatto, \u00e8 necessario verificare se questo nome di dominio \u00e8 gi\u00e0 occupato. Per ogni dominio di livello TOP (de., com., org., \u2026) esiste un&#8217;organizzazione &#8211; per la Germania DENIC &#8211; che fornisce informazioni al riguardo. Con noi puoi effettuare l&#8217;ONLINE tramite la voce di menu cerca dominio in anticipo. L&#8217;ultimo passo \u00e8 scegliere il pacchetto giusto. Puoi scegliere tra JUNIOR, HOME, BUSINESS e, per utenti esperti, un sistema modulare definito dall&#8217;utente che puoi assemblare tu stesso. Infine, basta ordinare ONLINE.<\/p>\n\n\n\n<p>Anche per i clienti che desiderano trasferire il proprio dominio presso di noi, non c&#8217;\u00e8 problema. Lo faremo per te gratuitamente, senza burocrazia e rapidamente.<\/p>\n","protected":false},"excerpt":{"rendered":"<p>Pubblica la tua home page sul World Wide Web. La nostra piccola selezione di pacchetti di web hosting soddisfa ogni esigenza: decidi tu stesso. Cos&#8217;\u00e8 l&#8217;hosting web?L&#8217;hosting Web, spesso chiamato semplicemente &#8222;hosting&#8220; nel gergo informatico, \u00e8 il posizionamento di siti Web sul server di un provider connesso a Internet. In qualit\u00e0 di fornitore di servizi, &hellip; <\/p>\n<p class=\"link-more\"><a href=\"https:\/\/cofoek.de\/eu\/it\/web-hosting-2\/\" class=\"more-link\"><span class=\"screen-reader-text\">\u201eWeb hosting\u201c <\/span>weiterlesen<\/a><\/p>\n","protected":false},"author":3,"featured_media":0,"parent":0,"menu_order":0,"comment_status":"closed","ping_status":"closed","template":"","meta":{"footnotes":""},"class_list":["post-790","page","type-page","status-publish","hentry"],"jetpack_sharing_enabled":true,"_links":{"self":[{"href":"https:\/\/cofoek.de\/eu\/wp-json\/wp\/v2\/pages\/790","targetHints":{"allow":["GET"]}}],"collection":[{"href":"https:\/\/cofoek.de\/eu\/wp-json\/wp\/v2\/pages"}],"about":[{"href":"https:\/\/cofoek.de\/eu\/wp-json\/wp\/v2\/types\/page"}],"author":[{"embeddable":true,"href":"https:\/\/cofoek.de\/eu\/wp-json\/wp\/v2\/users\/3"}],"replies":[{"embeddable":true,"href":"https:\/\/cofoek.de\/eu\/wp-json\/wp\/v2\/comments?post=790"}],"version-history":[{"count":1,"href":"https:\/\/cofoek.de\/eu\/wp-json\/wp\/v2\/pages\/790\/revisions"}],"predecessor-version":[{"id":791,"href":"https:\/\/cofoek.de\/eu\/wp-json\/wp\/v2\/pages\/790\/revisions\/791"}],"wp:attachment":[{"href":"https:\/\/cofoek.de\/eu\/wp-json\/wp\/v2\/media?parent=790"}],"curies":[{"name":"wp","href":"https:\/\/api.w.org\/{rel}","templated":true}]}}