{"id":795,"date":"2023-05-26T07:35:36","date_gmt":"2023-05-26T07:35:36","guid":{"rendered":"https:\/\/cofoek.de\/eu\/?page_id=795"},"modified":"2023-05-26T07:35:37","modified_gmt":"2023-05-26T07:35:37","slug":"service-3","status":"publish","type":"page","link":"https:\/\/cofoek.de\/eu\/fr\/service-3\/","title":{"rendered":"Service"},"content":{"rendered":"\n<p>Le service est tr\u00e8s important pour nous. Pour nous, cela commence par le conseil, en passant par l&#8217;achat d&#8217;un produit de notre soci\u00e9t\u00e9, jusqu&#8217;\u00e0 la maintenance de votre infrastructure r\u00e9seau. Nous voulons que vous soyez satisfait. Pour qu&#8217;aucun malentendu ne surgisse entre les deux parties et n&#8217;entra\u00eene ensuite des probl\u00e8mes. Nous avons cr\u00e9\u00e9 un petit guide. Merci d&#8217;essayer de suivre cela du mieux possible. Vous nous aidez avec \u00e7a. S&#8217;il s&#8217;agit d&#8217;une urgence, vous pouvez bien s\u00fbr appeler imm\u00e9diatement notre hotline.<\/p>\n","protected":false},"excerpt":{"rendered":"<p>Le service est tr\u00e8s important pour nous. Pour nous, cela commence par le conseil, en passant par l&#8217;achat d&#8217;un produit de notre soci\u00e9t\u00e9, jusqu&#8217;\u00e0 la maintenance de votre infrastructure r\u00e9seau. Nous voulons que vous soyez satisfait. Pour qu&#8217;aucun malentendu ne surgisse entre les deux parties et n&#8217;entra\u00eene ensuite des probl\u00e8mes. Nous avons cr\u00e9\u00e9 un petit &hellip; <\/p>\n<p class=\"link-more\"><a href=\"https:\/\/cofoek.de\/eu\/fr\/service-3\/\" class=\"more-link\"><span class=\"screen-reader-text\">\u201eService\u201c <\/span>weiterlesen<\/a><\/p>\n","protected":false},"author":3,"featured_media":0,"parent":0,"menu_order":0,"comment_status":"closed","ping_status":"closed","template":"","meta":{"footnotes":""},"class_list":["post-795","page","type-page","status-publish","hentry"],"jetpack_sharing_enabled":true,"_links":{"self":[{"href":"https:\/\/cofoek.de\/eu\/wp-json\/wp\/v2\/pages\/795","targetHints":{"allow":["GET"]}}],"collection":[{"href":"https:\/\/cofoek.de\/eu\/wp-json\/wp\/v2\/pages"}],"about":[{"href":"https:\/\/cofoek.de\/eu\/wp-json\/wp\/v2\/types\/page"}],"author":[{"embeddable":true,"href":"https:\/\/cofoek.de\/eu\/wp-json\/wp\/v2\/users\/3"}],"replies":[{"embeddable":true,"href":"https:\/\/cofoek.de\/eu\/wp-json\/wp\/v2\/comments?post=795"}],"version-history":[{"count":1,"href":"https:\/\/cofoek.de\/eu\/wp-json\/wp\/v2\/pages\/795\/revisions"}],"predecessor-version":[{"id":796,"href":"https:\/\/cofoek.de\/eu\/wp-json\/wp\/v2\/pages\/795\/revisions\/796"}],"wp:attachment":[{"href":"https:\/\/cofoek.de\/eu\/wp-json\/wp\/v2\/media?parent=795"}],"curies":[{"name":"wp","href":"https:\/\/api.w.org\/{rel}","templated":true}]}}