{"id":799,"date":"2023-05-26T07:44:25","date_gmt":"2023-05-26T07:44:25","guid":{"rendered":"https:\/\/cofoek.de\/eu\/?page_id=799"},"modified":"2025-02-13T15:01:12","modified_gmt":"2025-02-13T15:01:12","slug":"credenziali","status":"publish","type":"page","link":"https:\/\/cofoek.de\/eu\/it\/credenziali\/","title":{"rendered":"Credenziali"},"content":{"rendered":"\n<p>Per darvi un&#8217;idea della nostra gamma completa di servizi, vi presentiamo i progetti di riferimento pi\u00f9 recenti. I nostri clienti provengono da un&#8217;ampia variet\u00e0 di settori economici. Leggi qui i progetti pi\u00f9 recenti in cui siamo stati coinvolti:<\/p>\n\n\n\n<p><strong>Anno del progetto: 2025<br>Banca Deutsche Bank<\/strong><br>Progetto Trading Voice \u2013 IPC-Connexus \u2013 Conformit\u00e0<br>Francoforte \/ ITIL \u2013 Gestione del rischio (RACER)<br>Francoforte \/ ITIL \u2013 Gestione delle release e gestione della distribuzione (SDLC Governance)<br><strong>Dataport<\/strong><br>Progetto di migrazione IPv6<\/p>\n\n\n\n<p><strong>Anno del progetto: 2024<br>Banca Deutsche Bank<\/strong><br>Progetto Trading Voice \u2013 IPC-Connexus \u2013 Conformit\u00e0<br>Francoforte \/ ITIL \u2013 Gestione del rischio (RACER)<br>Francoforte \/ ITIL \u2013 Gestione delle release e gestione della distribuzione (SDLC Governance)<br><strong>Dataport<\/strong><br>Progetto di migrazione IPv6<\/p>\n\n\n\n<p><strong>Anno del progetto: 2023<\/strong><br><strong>Banca Deutsche Bank<\/strong><br>Project Trading Voice \u2013 Cloud9 \u2013 Conformit\u00e0<br>Francoforte \/ ITIL \u2013 Gestione del rischio (RACER)<br>Francoforte \/ ITIL \u2013 Gestione dei rilasci e gestione della distribuzione (Governance SDLC)<br>Project Global Genesys CIM Platform-Global \u2013 Conformit\u00e0<br>Francoforte \/ ITIL \u2013 Gestione del rischio (RACER)<\/p>\n\n\n\n<p><strong>Anno del progetto: 2022<\/strong><br><strong>Banca Deutsche Bank<\/strong><br>Aggiornamento del progetto Avaya 8.1 \/ Distribuzione dell&#8217;infrastruttura<br>Project Trading Voice \u2013 Cloud9 \u2013 Conformit\u00e0<\/p>\n\n\n\n<p><strong>Anno del progetto: 2021<\/strong><br><strong>Banca Deutsche Bank<\/strong><br>Aggiornamento del progetto Avaya 8.1 \/ Distribuzione dell&#8217;infrastruttura<br>Project Global Genesys CIM Platform-Global \u2013 Conformit\u00e0<br>Eschborn \/ ITIL \u2013 Gestione del rischio (RACER)<br>Eschborn \/ VRM \u2013 Gestione dei rischi dei fornitori<\/p>\n\n\n\n<p><strong>Anno del progetto: 2020<\/strong><br><strong>Banca Deutsche Bank<\/strong><br>Project Global Genesys CIM Platform-Global \u2013 Conformit\u00e0<br>Eschborn \/ ITIL \u2013 Gestione del rischio (RACER)<br>Eschborn \/ ITIL \u2013 Gestione del cambiamento (Service Now)<br>Eschborn \/ ITIL \u2013 Gestione dei rilasci e gestione della distribuzione (Governance SDLC)<br>Aggiornamento del progetto Avaya 8.1 \/ Distribuzione dell&#8217;infrastruttura<\/p>\n\n\n\n<p><strong>Anno del progetto: 2019<\/strong><br>Dott Glinz COVIS GmbH<br>responsabile della sicurezza IT \/ standard BSI<\/p>\n\n\n\n<p><strong>Banca Deutsche Bank<\/strong><br>Project Global Genesys CIM Platform-Global \u2013 Conformit\u00e0<br>Eschborn \/ ITIL \u2013 Gestione del rischio (RACER)<br>Eschborn \/ ITIL \u2013 Gestione del cambiamento (Service Now)<br>Eschborn \/ ITIL \u2013 Gestione dei rilasci e gestione della distribuzione (Governance SDLC)<\/p>\n\n\n\n<p><strong>Anno del progetto: 2018<\/strong><br><strong>Banca Deutsche Bank<\/strong><br>Project SIP (Session Boarder Controller) e Project Global Genesys CIM Platform-Global \u2013 Conformit\u00e0<br>Eschborn \/ ITIL \u2013 Gestione del rischio (RACER)<br>Eschborn \/ ITIL \u2013 Gestione del cambiamento (Service Now)<br>Eschborn \/ ITIL \u2013 Gestione dei rilasci e gestione della distribuzione (Governance SDLC)<\/p>\n\n\n\n<p><strong>Anno del progetto: 2017<\/strong><br><strong>Banca Deutsche Bank<\/strong><br>Progetto SIP (Oracle Session Border Controller) e Progetto NICE NTR \u2013 Conformit\u00e0<br>Eschborn \/ ITIL \u2013 Gestione del rischio (dbRACE) e gestione del cambiamento (Service Now)<br>Eschborn \/ ITIL \u2013 Gestione dei rilasci e gestione della distribuzione (Governance SDLC)<\/p>\n\n\n\n<p><strong>Anno del progetto: 2016<\/strong><br><strong>Banca Deutsche Bank<\/strong><br>Eschborn \/ ITIL \u2013 Gestione del rischio e gestione del cambiamento<br>Eschborn \/ LDAP aggiorna e importa i dati<\/p>\n\n\n\n<p><strong>Anno del progetto: 2015<\/strong><br><strong>Banca Deutsche Bank<\/strong><br>Consolidamento del progetto NAR<br>Eschborn\/ Gestione del ciclo di vita.<\/p>\n\n\n\n<p><strong>RWE AG<\/strong><br>Pianificazione, implementazione e mantenimento della contabilit\u00e0 dei servizi.<\/p>\n\n\n\n<p><strong>Anno del progetto: 2014<\/strong><br><strong>T-Systems International GmbH<\/strong><br>Monaco di Baviera \/ Cliente BCG \u2013 Risoluzione del problema delle prestazioni della SAN (CX4-480).<\/p>\n\n\n\n<p><strong>RWE AG<\/strong><br>Pianificazione, implementazione e mantenimento della contabilit\u00e0 dei servizi.<\/p>\n\n\n\n<p><strong>Anno del progetto: 2013<\/strong><br><strong>T-Systems International GmbH<\/strong><br>Monaco di Baviera \/ Cliente BCG \u2013 Ambiente SAN di monitoraggio\/reporting.<\/p>\n\n\n\n<p><strong>RWE AG<\/strong><br>Analisi della ripartizione dei costi<\/p>\n\n\n\n<p><strong>Anno del progetto: 2012<\/strong><br><strong>PwC Global (PricewaterhouseCoopers International)<\/strong><br>Nell&#8217;implementazione di base per Active Directory e DNS come progettista e implementatore AD.<\/p>\n\n\n\n<p><strong>Telecom Darmstadt<\/strong><br>T-Home Entertainment (IPTV\/SAT).<\/p>\n\n\n\n<p><strong>Anno del progetto: 2011<\/strong><br><strong>Papiertechnische Stiftung<\/strong><br>Estensione del panorama 3.5 VMWARE a 4.1 ESXi\/ESX. Estensione SAN a MSA2312fc da 12TB &#8211; in connessione con due switch HP SAN 4\/8 -, migrazione della struttura AD e applicazione delle policy di gruppo. Costruire una struttura PKI.<\/p>\n\n\n\n<p><strong>In Time Transportgesellschaft mbH<\/strong><br>Migrazione della vecchia infrastruttura IT (Microsoft) attraverso una nuova infrastruttura virtualizzata (VMWare ESX4.1, replica VEEAM) con servizi di dominio AD. Sostituzione del vecchio server di posta KEN4 con Microsoft Exchange 2010 e SQL 2000 con lo standard SQL 2008.<\/p>\n\n\n\n<p><strong>Vecchi anni di progetto: archivio<\/strong><br><strong>Anno del progetto: 2010<\/strong><\/p>\n\n\n\n<p><strong>DEHAG Hotel Service AG<\/strong><br>Creazione di un ambiente RAS\/VPN con client VPN UMTS.<\/p>\n\n\n\n<p><strong>DEHAG Hotel Service AG<\/strong><br>Inventario corrente e migrazione di un ambiente Windows 2003 a Windows 2008 R2.<\/p>\n\n\n\n<p><strong>Lufthansa AG lavora alla sicurezza<\/strong><br>Sviluppo\/programmazione di un&#8217;applicazione utilizzando le tecniche\/servizi PHP, JavaScript, HTML, CSS, Apache e MySQL.<\/p>\n\n\n\n<p><strong>Cartonplast Group GmbH<\/strong><br>Sostituzione della vecchia infrastruttura di rete informatica e creazione di una nuova struttura complessiva Microsoft omogenea con cronologia della posta elettronica.<\/p>\n\n\n\n<p><strong>Poligono<\/strong><br>Realizzazione di una nuova infrastruttura di rete informatica con Microsoft Server Windows 2008 R2 Enterprise e ruoli AD, DNS, DHCP, NAP e file server.<\/p>\n","protected":false},"excerpt":{"rendered":"<p>Per darvi un&#8217;idea della nostra gamma completa di servizi, vi presentiamo i progetti di riferimento pi\u00f9 recenti. I nostri clienti provengono da un&#8217;ampia variet\u00e0 di settori economici. Leggi qui i progetti pi\u00f9 recenti in cui siamo stati coinvolti: Anno del progetto: 2025Banca Deutsche BankProgetto Trading Voice \u2013 IPC-Connexus \u2013 Conformit\u00e0Francoforte \/ ITIL \u2013 Gestione del &hellip; <\/p>\n<p class=\"link-more\"><a href=\"https:\/\/cofoek.de\/eu\/it\/credenziali\/\" class=\"more-link\"><span class=\"screen-reader-text\">\u201eCredenziali\u201c <\/span>weiterlesen<\/a><\/p>\n","protected":false},"author":3,"featured_media":0,"parent":0,"menu_order":0,"comment_status":"closed","ping_status":"closed","template":"","meta":{"footnotes":""},"class_list":["post-799","page","type-page","status-publish","hentry"],"jetpack_sharing_enabled":true,"_links":{"self":[{"href":"https:\/\/cofoek.de\/eu\/wp-json\/wp\/v2\/pages\/799","targetHints":{"allow":["GET"]}}],"collection":[{"href":"https:\/\/cofoek.de\/eu\/wp-json\/wp\/v2\/pages"}],"about":[{"href":"https:\/\/cofoek.de\/eu\/wp-json\/wp\/v2\/types\/page"}],"author":[{"embeddable":true,"href":"https:\/\/cofoek.de\/eu\/wp-json\/wp\/v2\/users\/3"}],"replies":[{"embeddable":true,"href":"https:\/\/cofoek.de\/eu\/wp-json\/wp\/v2\/comments?post=799"}],"version-history":[{"count":3,"href":"https:\/\/cofoek.de\/eu\/wp-json\/wp\/v2\/pages\/799\/revisions"}],"predecessor-version":[{"id":965,"href":"https:\/\/cofoek.de\/eu\/wp-json\/wp\/v2\/pages\/799\/revisions\/965"}],"wp:attachment":[{"href":"https:\/\/cofoek.de\/eu\/wp-json\/wp\/v2\/media?parent=799"}],"curies":[{"name":"wp","href":"https:\/\/api.w.org\/{rel}","templated":true}]}}