{"id":801,"date":"2023-05-26T07:49:46","date_gmt":"2023-05-26T07:49:46","guid":{"rendered":"https:\/\/cofoek.de\/eu\/?page_id=801"},"modified":"2025-02-13T14:59:28","modified_gmt":"2025-02-13T14:59:28","slug":"credits","status":"publish","type":"page","link":"https:\/\/cofoek.de\/eu\/fr\/credits\/","title":{"rendered":"Cr\u00e9dits"},"content":{"rendered":"\n<p>Afin de vous donner une id\u00e9e de notre gamme compl\u00e8te de services, nous vous pr\u00e9sentons les projets de r\u00e9f\u00e9rence les plus r\u00e9cents. Nos clients proviennent d&#8217;une grande vari\u00e9t\u00e9 de secteurs \u00e9conomiques. D\u00e9couvrez ici les projets les plus r\u00e9cents auxquels nous avons particip\u00e9&nbsp;:<\/p>\n\n\n\n<p><strong>Ann\u00e9e du projet : 2025<br>Deutsche Bank<\/strong><br>Projet Trading Voice \u2013 IPC-Connexus \u2013 Conformit\u00e9<br>Francfort \/ ITIL \u2013 Gestion des risques (RACER)<br>Francfort \/ ITIL \u2013 Gestion des versions et gestion du d\u00e9ploiement (SDLC Governance)<br><strong>Dataport<\/strong><br>Projet Migration IPv6<\/p>\n\n\n\n<p><strong>Ann\u00e9e du projet : 2024<br>Deutsche Bank<\/strong><br>Projet Trading Voice \u2013 IPC-Connexus \u2013 Conformit\u00e9<br>Francfort \/ ITIL \u2013 Gestion des risques (RACER)<br>Francfort \/ ITIL \u2013 Gestion des versions et gestion du d\u00e9ploiement (SDLC Governance)<br><strong>Dataport<\/strong><br>Projet Migration IPv6<\/p>\n\n\n\n<p><strong>Ann\u00e9e du projet : 2023<br>Banque Deutsche Bank<\/strong><br>Projet Trading Voice \u2013 Cloud9 \u2013 Conformit\u00e9<br>Francfort \/ ITIL \u2013 Gestion des risques (RACER)<br>Francfort \/ ITIL \u2013 Gestion des versions et gestion du d\u00e9ploiement (gouvernance SDLC)<br>Projet Global Genesys CIM Platform-Global \u2013 Conformit\u00e9<br>Francfort \/ ITIL \u2013 Gestion des risques (RACER)<\/p>\n\n\n\n<p><strong>Ann\u00e9e du projet : 2022<br>Banque Deutsche Bank<\/strong><br>Projet Mise \u00e0 jour Avaya 8.1 \/ D\u00e9ploiement de l&#8217;infrastructure<br>Projet Trading Voice \u2013 Cloud9 \u2013 Conformit\u00e9<\/p>\n\n\n\n<p><strong>Ann\u00e9e du projet : 2021<br>Banque Deutsche Bank<\/strong><br>Projet Mise \u00e0 jour Avaya 8.1 \/ D\u00e9ploiement de l&#8217;infrastructure<br>Projet Global Genesys CIM Platform-Global \u2013 Conformit\u00e9<br>Eschborn \/ ITIL \u2013 Gestion des risques (RACER)<br>Eschborn \/ VRM \u2013 Gestion du risque fournisseur<\/p>\n\n\n\n<p><strong>Ann\u00e9e du projet : 2020<br>Banque Deutsche Bank<\/strong><br>Projet Global Genesys CIM Platform-Global \u2013 Conformit\u00e9<br>Eschborn \/ ITIL \u2013 Gestion des risques (RACER)<br>Eschborn \/ ITIL \u2013 Gestion du changement (Service Now)<br>Eschborn \/ ITIL \u2013 Gestion des versions et gestion du d\u00e9ploiement (gouvernance SDLC)<br>Projet Mise \u00e0 jour Avaya 8.1 \/ D\u00e9ploiement de l&#8217;infrastructure<\/p>\n\n\n\n<p><strong>Ann\u00e9e du projet : 2019<br>Docteur Glinz COVIS GmbH<\/strong><br>Responsable de la s\u00e9curit\u00e9 informatique \/ norme BSI<\/p>\n\n\n\n<p><strong>Banque Deutsche Bank<\/strong><br>Projet Global Genesys CIM Platform-Global \u2013 Conformit\u00e9<br>Eschborn \/ ITIL \u2013 Gestion des risques (RACER)<br>Eschborn \/ ITIL \u2013 Gestion du changement (Service Now)<br>Eschborn \/ ITIL \u2013 Gestion des versions et gestion du d\u00e9ploiement (gouvernance SDLC)<\/p>\n\n\n\n<p><strong>Ann\u00e9e du projet : 2018<br>Banque Deutsche Bank<\/strong><br>Project SIP (Session Boarder Controller) &amp; Project Global Genesys CIM Platform-Global \u2013 Conformit\u00e9<br>Eschborn \/ ITIL \u2013 Gestion des risques (RACER)<br>Eschborn \/ ITIL \u2013 Gestion du changement (Service Now)<br>Eschborn \/ ITIL \u2013 Gestion des versions et gestion du d\u00e9ploiement (gouvernance SDLC)<\/p>\n\n\n\n<p><strong>Ann\u00e9e du projet : 2017<br>Banque Deutsche Bank<\/strong><br>Projet SIP (Oracle Session Border Controller) &amp; Projet NICE NTR \u2013 Conformit\u00e9<br>Eschborn \/ ITIL \u2013 Gestion des risques (dbRACE) &amp; Gestion du changement (Service Now)<br>Eschborn \/ ITIL \u2013 Gestion des versions et gestion du d\u00e9ploiement (gouvernance SDLC)<\/p>\n\n\n\n<p><strong>Ann\u00e9e du projet : 2016<br>Banque Deutsche Bank<\/strong><br>Eschborn \/ ITIL \u2013 Gestion des risques et gestion du changement<br>Eschborn \/ Mise \u00e0 jour LDAP et importation de donn\u00e9es<\/p>\n\n\n\n<p><strong>Ann\u00e9e du projet : 2015<br>Banque Deutsche Bank<\/strong><br>Consolidation du projet NAR<br>Eschborn\/ Gestion du cycle de vie.<\/p>\n\n\n\n<p><strong>RWE AG<\/strong><br>Planification, mise en \u0153uvre et maintenance de la comptabilit\u00e9 des services.<\/p>\n\n\n\n<p><strong>Ann\u00e9e du projet : 2014<br>T-Systems International GmbH<\/strong><br>Munich \/ Client BCG \u2013 R\u00e9solution du probl\u00e8me de performances SAN (CX4-480).<\/p>\n\n\n\n<p><strong>RWE AG<\/strong><br>Planification, mise en \u0153uvre et maintenance de la comptabilit\u00e9 des services.<\/p>\n\n\n\n<p><strong>Ann\u00e9e du projet : 2013<br>T-Systems International GmbH<\/strong><br>Munich \/ Client BCG \u2013 Monitoring\/Reporting environnement SAN.<\/p>\n\n\n\n<p><strong>RWE AG<\/strong><br>Analyse de la r\u00e9partition des co\u00fbts<\/p>\n\n\n\n<p><strong>Ann\u00e9e du projet : 2012<\/strong><br><strong>PwC Global (PricewaterhouseCoopers International)<\/strong><br>Dans l&#8217;impl\u00e9mentation de base pour Active Directory et DNS en tant que concepteur et impl\u00e9menteur AD.<\/p>\n\n\n\n<p><strong>T\u00e9l\u00e9com Darmstadt<\/strong><br>T-Home Entertainment (IPTV\/SAT).<\/p>\n\n\n\n<p><strong>Ann\u00e9e du projet : 2011<\/strong><br><strong>Papiertechnische Stiftung<\/strong><br>Extension du paysage VMWARE 3.5 vers 4.1 ESXi\/ESX. Extension SAN vers un MSA2312fc de 12 To &#8211; en connexion avec deux switchs HP SAN 4\/8 -, migration de la structure AD et application des politiques de groupe. Construire une structure PKI.<\/p>\n\n\n\n<p><strong>In Time Transportgesellschaft mbH<\/strong><br>Migration de l&#8217;ancienne infrastructure informatique (Microsoft) vers une nouvelle infrastructure virtualis\u00e9e (VMWare ESX4.1, r\u00e9plication VEEAM) avec les services de domaine AD. Remplacement de l&#8217;ancien serveur de messagerie KEN4 par Microsoft Exchange 2010 et SQL 2000 par la norme SQL 2008.<\/p>\n\n\n\n<p><strong>Anciennes ann\u00e9es de projet&nbsp;: archives<br>Ann\u00e9e du projet : 2010<\/strong><br><strong>DEHAG Hotel Service AG<\/strong><br>Mise en place d&#8217;un environnement RAS\/VPN avec des clients VPN UMTS.<\/p>\n\n\n\n<p><strong>DEHAG Hotel Service AG<\/strong><br>Inventaire actuel et migration d&#8217;un environnement Windows 2003 vers Windows 2008 R2.<\/p>\n\n\n\n<p><strong>S\u00e9curit\u00e9 des travaux de Lufthansa AG&nbsp;<\/strong><br>D\u00e9veloppement\/programmation d&#8217;une application utilisant les techniques\/services PHP, JavaScript, HTML, CSS, Apache et MySQL.<\/p>\n\n\n\n<p><strong>Cartonplast Group GmbH<\/strong><br>Remplacement de l&#8217;ancienne infrastructure de r\u00e9seau informatique et mise en place d&#8217;une nouvelle structure globale Microsoft homog\u00e8ne avec historique des e-mails.<\/p>\n\n\n\n<p><strong>Polygone<\/strong><br>Construction d&#8217;une nouvelle infrastructure de r\u00e9seau informatique avec Microsoft Server Windows 2008 R2 Enterprise et les r\u00f4les AD, DNS, DHCP, NAP et serveur de fichiers.<\/p>\n","protected":false},"excerpt":{"rendered":"<p>Afin de vous donner une id\u00e9e de notre gamme compl\u00e8te de services, nous vous pr\u00e9sentons les projets de r\u00e9f\u00e9rence les plus r\u00e9cents. Nos clients proviennent d&#8217;une grande vari\u00e9t\u00e9 de secteurs \u00e9conomiques. D\u00e9couvrez ici les projets les plus r\u00e9cents auxquels nous avons particip\u00e9&nbsp;: Ann\u00e9e du projet : 2025Deutsche BankProjet Trading Voice \u2013 IPC-Connexus \u2013 Conformit\u00e9Francfort \/ &hellip; <\/p>\n<p class=\"link-more\"><a href=\"https:\/\/cofoek.de\/eu\/fr\/credits\/\" class=\"more-link\"><span class=\"screen-reader-text\">\u201eCr\u00e9dits\u201c <\/span>weiterlesen<\/a><\/p>\n","protected":false},"author":3,"featured_media":0,"parent":0,"menu_order":0,"comment_status":"closed","ping_status":"closed","template":"","meta":{"footnotes":""},"class_list":["post-801","page","type-page","status-publish","hentry"],"jetpack_sharing_enabled":true,"_links":{"self":[{"href":"https:\/\/cofoek.de\/eu\/wp-json\/wp\/v2\/pages\/801","targetHints":{"allow":["GET"]}}],"collection":[{"href":"https:\/\/cofoek.de\/eu\/wp-json\/wp\/v2\/pages"}],"about":[{"href":"https:\/\/cofoek.de\/eu\/wp-json\/wp\/v2\/types\/page"}],"author":[{"embeddable":true,"href":"https:\/\/cofoek.de\/eu\/wp-json\/wp\/v2\/users\/3"}],"replies":[{"embeddable":true,"href":"https:\/\/cofoek.de\/eu\/wp-json\/wp\/v2\/comments?post=801"}],"version-history":[{"count":2,"href":"https:\/\/cofoek.de\/eu\/wp-json\/wp\/v2\/pages\/801\/revisions"}],"predecessor-version":[{"id":963,"href":"https:\/\/cofoek.de\/eu\/wp-json\/wp\/v2\/pages\/801\/revisions\/963"}],"wp:attachment":[{"href":"https:\/\/cofoek.de\/eu\/wp-json\/wp\/v2\/media?parent=801"}],"curies":[{"name":"wp","href":"https:\/\/api.w.org\/{rel}","templated":true}]}}