{"id":826,"date":"2023-05-26T09:16:08","date_gmt":"2023-05-26T09:16:08","guid":{"rendered":"https:\/\/cofoek.de\/eu\/?page_id=826"},"modified":"2023-05-26T09:16:09","modified_gmt":"2023-05-26T09:16:09","slug":"systemes-dexploitation","status":"publish","type":"page","link":"https:\/\/cofoek.de\/eu\/fr\/systemes-dexploitation\/","title":{"rendered":"Syst\u00e8mes d&#8217;exploitation"},"content":{"rendered":"\n<p>Les syst\u00e8mes d&#8217;exploitation ont leurs faiblesses et leurs forces.<\/p>\n\n\n\n<p>D&#8217;o\u00f9 un de mes dictons : \u00ab Les syst\u00e8mes d&#8217;exploitation sont des ph\u00e9nom\u00e8nes \u00bb &#8211; quelque chose qui peut \u00eatre observ\u00e9, per\u00e7u ; un ph\u00e9nom\u00e8ne remarquable (du coup la localisation s&#8217;active, comment ?) \u00bb.<\/p>\n\n\n\n<p>Si vous rencontrez des probl\u00e8mes avec les pilotes, les applications et l&#8217;environnement r\u00e9seau, contactez-nous. Nous essayons de r\u00e9soudre le probl\u00e8me avec vous. Nous pouvons vous assister dans les syst\u00e8mes d&#8217;exploitation suivants :<\/p>\n\n\n\n<p><strong>Microsoft : <\/strong>Serveur (NT4 &#8211; Windows 2008 R2 32\/64 &#8211; Windows 2019), Client Microsoft (W95x &#8211; Windows 7 Ultimate 32\/64 &#8211; Windows 11)<br><strong>Novell Netware :<\/strong> Serveur (3.x \u2013 6.5)<br><strong>Linux : <\/strong>OpenSUSE, Suse Linux Enterprise 8.x-11.x, RedHat, Fedora, Debian, Ubuntu<br><strong>macOS :<\/strong> OS X 10.9 : Mavericks &#8211; macOS 13.0 : Ventura<\/p>\n","protected":false},"excerpt":{"rendered":"<p>Les syst\u00e8mes d&#8217;exploitation ont leurs faiblesses et leurs forces. D&#8217;o\u00f9 un de mes dictons : \u00ab Les syst\u00e8mes d&#8217;exploitation sont des ph\u00e9nom\u00e8nes \u00bb &#8211; quelque chose qui peut \u00eatre observ\u00e9, per\u00e7u ; un ph\u00e9nom\u00e8ne remarquable (du coup la localisation s&#8217;active, comment ?) \u00bb. Si vous rencontrez des probl\u00e8mes avec les pilotes, les applications et l&#8217;environnement &hellip; <\/p>\n<p class=\"link-more\"><a href=\"https:\/\/cofoek.de\/eu\/fr\/systemes-dexploitation\/\" class=\"more-link\"><span class=\"screen-reader-text\">\u201eSyst\u00e8mes d&#8217;exploitation\u201c <\/span>weiterlesen<\/a><\/p>\n","protected":false},"author":3,"featured_media":0,"parent":0,"menu_order":0,"comment_status":"closed","ping_status":"closed","template":"","meta":{"footnotes":""},"class_list":["post-826","page","type-page","status-publish","hentry"],"jetpack_sharing_enabled":true,"_links":{"self":[{"href":"https:\/\/cofoek.de\/eu\/wp-json\/wp\/v2\/pages\/826","targetHints":{"allow":["GET"]}}],"collection":[{"href":"https:\/\/cofoek.de\/eu\/wp-json\/wp\/v2\/pages"}],"about":[{"href":"https:\/\/cofoek.de\/eu\/wp-json\/wp\/v2\/types\/page"}],"author":[{"embeddable":true,"href":"https:\/\/cofoek.de\/eu\/wp-json\/wp\/v2\/users\/3"}],"replies":[{"embeddable":true,"href":"https:\/\/cofoek.de\/eu\/wp-json\/wp\/v2\/comments?post=826"}],"version-history":[{"count":1,"href":"https:\/\/cofoek.de\/eu\/wp-json\/wp\/v2\/pages\/826\/revisions"}],"predecessor-version":[{"id":827,"href":"https:\/\/cofoek.de\/eu\/wp-json\/wp\/v2\/pages\/826\/revisions\/827"}],"wp:attachment":[{"href":"https:\/\/cofoek.de\/eu\/wp-json\/wp\/v2\/media?parent=826"}],"curies":[{"name":"wp","href":"https:\/\/api.w.org\/{rel}","templated":true}]}}