{"id":832,"date":"2023-05-26T09:26:54","date_gmt":"2023-05-26T09:26:54","guid":{"rendered":"https:\/\/cofoek.de\/eu\/?page_id=832"},"modified":"2023-05-26T09:26:55","modified_gmt":"2023-05-26T09:26:55","slug":"cyber-securite","status":"publish","type":"page","link":"https:\/\/cofoek.de\/eu\/fr\/cyber-securite\/","title":{"rendered":"Cyber-s\u00e9curit\u00e9"},"content":{"rendered":"\n<p>La gestion de la continuit\u00e9 des activit\u00e9s, la s\u00e9curit\u00e9 de l&#8217;information et la reprise apr\u00e8s sinistre font partie d&#8217;une strat\u00e9gie de croissance durable. Les cybercriminels n&#8217;utilisent plus d&#8217;essais et d&#8217;erreurs pour trouver une vuln\u00e9rabilit\u00e9 dans votre organisation. Les cybercriminels recueillent d&#8217;abord des informations, m\u00e8nent une &#8222;\u00e9tude de march\u00e9&#8220; et \u00e9tablissent un calcul solide\u00a0: quelle victime potentielle est financi\u00e8rement ais\u00e9e\u00a0? Quelle est l&#8217;\u00e9tendue des d\u00e9g\u00e2ts possibles ? Et quel est le rapport avec l&#8217;effort qui doit \u00eatre fait pour cela ?<\/p>\n\n\n\n<p>Nous vous accompagnons pas \u00e0 pas vers une s\u00e9curit\u00e9 de l&#8217;information certifi\u00e9e ISO 27001 afin d&#8217;\u00e9viter que votre entreprise ne soit vuln\u00e9rable.<\/p>\n","protected":false},"excerpt":{"rendered":"<p>La gestion de la continuit\u00e9 des activit\u00e9s, la s\u00e9curit\u00e9 de l&#8217;information et la reprise apr\u00e8s sinistre font partie d&#8217;une strat\u00e9gie de croissance durable. Les cybercriminels n&#8217;utilisent plus d&#8217;essais et d&#8217;erreurs pour trouver une vuln\u00e9rabilit\u00e9 dans votre organisation. Les cybercriminels recueillent d&#8217;abord des informations, m\u00e8nent une &#8222;\u00e9tude de march\u00e9&#8220; et \u00e9tablissent un calcul solide\u00a0: quelle victime &hellip; <\/p>\n<p class=\"link-more\"><a href=\"https:\/\/cofoek.de\/eu\/fr\/cyber-securite\/\" class=\"more-link\"><span class=\"screen-reader-text\">\u201eCyber-s\u00e9curit\u00e9\u201c <\/span>weiterlesen<\/a><\/p>\n","protected":false},"author":3,"featured_media":0,"parent":0,"menu_order":0,"comment_status":"closed","ping_status":"closed","template":"","meta":{"footnotes":""},"class_list":["post-832","page","type-page","status-publish","hentry"],"jetpack_sharing_enabled":true,"_links":{"self":[{"href":"https:\/\/cofoek.de\/eu\/wp-json\/wp\/v2\/pages\/832","targetHints":{"allow":["GET"]}}],"collection":[{"href":"https:\/\/cofoek.de\/eu\/wp-json\/wp\/v2\/pages"}],"about":[{"href":"https:\/\/cofoek.de\/eu\/wp-json\/wp\/v2\/types\/page"}],"author":[{"embeddable":true,"href":"https:\/\/cofoek.de\/eu\/wp-json\/wp\/v2\/users\/3"}],"replies":[{"embeddable":true,"href":"https:\/\/cofoek.de\/eu\/wp-json\/wp\/v2\/comments?post=832"}],"version-history":[{"count":1,"href":"https:\/\/cofoek.de\/eu\/wp-json\/wp\/v2\/pages\/832\/revisions"}],"predecessor-version":[{"id":833,"href":"https:\/\/cofoek.de\/eu\/wp-json\/wp\/v2\/pages\/832\/revisions\/833"}],"wp:attachment":[{"href":"https:\/\/cofoek.de\/eu\/wp-json\/wp\/v2\/media?parent=832"}],"curies":[{"name":"wp","href":"https:\/\/api.w.org\/{rel}","templated":true}]}}