{"id":834,"date":"2023-05-26T09:27:35","date_gmt":"2023-05-26T09:27:35","guid":{"rendered":"https:\/\/cofoek.de\/eu\/?page_id=834"},"modified":"2023-05-26T09:27:36","modified_gmt":"2023-05-26T09:27:36","slug":"sicurezza-informatica","status":"publish","type":"page","link":"https:\/\/cofoek.de\/eu\/it\/sicurezza-informatica\/","title":{"rendered":"Sicurezza informatica"},"content":{"rendered":"\n<p>La gestione della continuit\u00e0 operativa, la sicurezza delle informazioni e il ripristino di emergenza fanno parte di una strategia di crescita sostenibile. I criminali informatici non usano pi\u00f9 tentativi ed errori per trovare una vulnerabilit\u00e0 nella tua organizzazione. I criminali informatici prima raccolgono informazioni, conducono un &#8222;sondaggio di mercato&#8220; e mettono insieme un solido calcolo: quale potenziale vittima \u00e8 finanziariamente benestante? Qual \u00e8 l&#8217;entit\u00e0 del possibile danno? E qual \u00e8 il rapporto con lo sforzo che deve essere fatto per questo?<\/p>\n\n\n\n<p>Ti supportiamo e ti accompagniamo passo dopo passo verso la sicurezza delle informazioni certificata ISO 27001 per evitare che la tua azienda sia vulnerabile.<\/p>\n","protected":false},"excerpt":{"rendered":"<p>La gestione della continuit\u00e0 operativa, la sicurezza delle informazioni e il ripristino di emergenza fanno parte di una strategia di crescita sostenibile. I criminali informatici non usano pi\u00f9 tentativi ed errori per trovare una vulnerabilit\u00e0 nella tua organizzazione. I criminali informatici prima raccolgono informazioni, conducono un &#8222;sondaggio di mercato&#8220; e mettono insieme un solido calcolo: &hellip; <\/p>\n<p class=\"link-more\"><a href=\"https:\/\/cofoek.de\/eu\/it\/sicurezza-informatica\/\" class=\"more-link\"><span class=\"screen-reader-text\">\u201eSicurezza informatica\u201c <\/span>weiterlesen<\/a><\/p>\n","protected":false},"author":3,"featured_media":0,"parent":0,"menu_order":0,"comment_status":"closed","ping_status":"closed","template":"","meta":{"footnotes":""},"class_list":["post-834","page","type-page","status-publish","hentry"],"jetpack_sharing_enabled":true,"_links":{"self":[{"href":"https:\/\/cofoek.de\/eu\/wp-json\/wp\/v2\/pages\/834","targetHints":{"allow":["GET"]}}],"collection":[{"href":"https:\/\/cofoek.de\/eu\/wp-json\/wp\/v2\/pages"}],"about":[{"href":"https:\/\/cofoek.de\/eu\/wp-json\/wp\/v2\/types\/page"}],"author":[{"embeddable":true,"href":"https:\/\/cofoek.de\/eu\/wp-json\/wp\/v2\/users\/3"}],"replies":[{"embeddable":true,"href":"https:\/\/cofoek.de\/eu\/wp-json\/wp\/v2\/comments?post=834"}],"version-history":[{"count":1,"href":"https:\/\/cofoek.de\/eu\/wp-json\/wp\/v2\/pages\/834\/revisions"}],"predecessor-version":[{"id":835,"href":"https:\/\/cofoek.de\/eu\/wp-json\/wp\/v2\/pages\/834\/revisions\/835"}],"wp:attachment":[{"href":"https:\/\/cofoek.de\/eu\/wp-json\/wp\/v2\/media?parent=834"}],"curies":[{"name":"wp","href":"https:\/\/api.w.org\/{rel}","templated":true}]}}