{"id":838,"date":"2023-05-26T09:29:55","date_gmt":"2023-05-26T09:29:55","guid":{"rendered":"https:\/\/cofoek.de\/eu\/?page_id=838"},"modified":"2023-05-26T09:29:57","modified_gmt":"2023-05-26T09:29:57","slug":"analyse-de-la-securite-informatique","status":"publish","type":"page","link":"https:\/\/cofoek.de\/eu\/fr\/analyse-de-la-securite-informatique\/","title":{"rendered":"Analyse de la s\u00e9curit\u00e9 informatique"},"content":{"rendered":"\n<p>Avec l&#8217;analyse de la s\u00e9curit\u00e9 informatique, vous, en tant qu&#8217;entrepreneur, obtenez de nous la certitude et la s\u00e9curit\u00e9\u00a0: nous v\u00e9rifions la performance de vos environnements informatiques existants, les points faibles (de l&#8217;ext\u00e9rieur et de l&#8217;int\u00e9rieur) et leur conformit\u00e9 avec la loi applicable. Le r\u00e9sultat de l&#8217;analyse de s\u00e9curit\u00e9 informatique de notre part est un enregistrement d\u00e9taill\u00e9 de votre r\u00e9seau. Nous travaillons ensuite avec vous pour d\u00e9velopper les recommandations d&#8217;action qui en r\u00e9sultent, un concept de s\u00e9curit\u00e9 informatique &#8211; et la gestion des risques.<\/p>\n","protected":false},"excerpt":{"rendered":"<p>Avec l&#8217;analyse de la s\u00e9curit\u00e9 informatique, vous, en tant qu&#8217;entrepreneur, obtenez de nous la certitude et la s\u00e9curit\u00e9\u00a0: nous v\u00e9rifions la performance de vos environnements informatiques existants, les points faibles (de l&#8217;ext\u00e9rieur et de l&#8217;int\u00e9rieur) et leur conformit\u00e9 avec la loi applicable. Le r\u00e9sultat de l&#8217;analyse de s\u00e9curit\u00e9 informatique de notre part est un enregistrement &hellip; <\/p>\n<p class=\"link-more\"><a href=\"https:\/\/cofoek.de\/eu\/fr\/analyse-de-la-securite-informatique\/\" class=\"more-link\"><span class=\"screen-reader-text\">\u201eAnalyse de la s\u00e9curit\u00e9 informatique\u201c <\/span>weiterlesen<\/a><\/p>\n","protected":false},"author":3,"featured_media":0,"parent":0,"menu_order":0,"comment_status":"closed","ping_status":"closed","template":"","meta":{"footnotes":""},"class_list":["post-838","page","type-page","status-publish","hentry"],"jetpack_sharing_enabled":true,"_links":{"self":[{"href":"https:\/\/cofoek.de\/eu\/wp-json\/wp\/v2\/pages\/838","targetHints":{"allow":["GET"]}}],"collection":[{"href":"https:\/\/cofoek.de\/eu\/wp-json\/wp\/v2\/pages"}],"about":[{"href":"https:\/\/cofoek.de\/eu\/wp-json\/wp\/v2\/types\/page"}],"author":[{"embeddable":true,"href":"https:\/\/cofoek.de\/eu\/wp-json\/wp\/v2\/users\/3"}],"replies":[{"embeddable":true,"href":"https:\/\/cofoek.de\/eu\/wp-json\/wp\/v2\/comments?post=838"}],"version-history":[{"count":1,"href":"https:\/\/cofoek.de\/eu\/wp-json\/wp\/v2\/pages\/838\/revisions"}],"predecessor-version":[{"id":839,"href":"https:\/\/cofoek.de\/eu\/wp-json\/wp\/v2\/pages\/838\/revisions\/839"}],"wp:attachment":[{"href":"https:\/\/cofoek.de\/eu\/wp-json\/wp\/v2\/media?parent=838"}],"curies":[{"name":"wp","href":"https:\/\/api.w.org\/{rel}","templated":true}]}}