{"id":844,"date":"2023-05-26T09:32:46","date_gmt":"2023-05-26T09:32:46","guid":{"rendered":"https:\/\/cofoek.de\/eu\/?page_id=844"},"modified":"2023-05-26T09:32:48","modified_gmt":"2023-05-26T09:32:48","slug":"solutions-de-serveur-de-messagerie","status":"publish","type":"page","link":"https:\/\/cofoek.de\/eu\/fr\/solutions-de-serveur-de-messagerie\/","title":{"rendered":"Solutions de serveur de messagerie"},"content":{"rendered":"\n<p>Le courrier est d\u00e9sormais le moyen de communication le plus important de l&#8217;entreprise. Les obligations l\u00e9gales, la compatibilit\u00e9 et la s\u00e9curit\u00e9 des e-mails sont souvent au centre des pr\u00e9occupations des responsables informatiques dans ce domaine. Nous vous aiderons \u00e0 prendre les bonnes mesures &#8222;pas \u00e0 pas&#8220;. Peu importe que vous visiez une solution Microsoft Mail homog\u00e8ne, une solution Novell Groupwise ou un Tobit David, ou m\u00eame que vous les liiez de mani\u00e8re h\u00e9t\u00e9rog\u00e8ne. Nous pouvons vous aider sur les syst\u00e8mes de messagerie suivants&nbsp;:<\/p>\n\n\n\n<p>\u2013 Microsoft Exchange 5.5 \u2013 2019<br>\u2013 Novell Groupwise \u2013 6.5<br>\u2013 Tobie David \u2013 Bureau V8<br>\u2013 Linux : Postfix, Exim, QMail<br>\u2013 AVM&nbsp;: KEN&nbsp;!<\/p>\n","protected":false},"excerpt":{"rendered":"<p>Le courrier est d\u00e9sormais le moyen de communication le plus important de l&#8217;entreprise. Les obligations l\u00e9gales, la compatibilit\u00e9 et la s\u00e9curit\u00e9 des e-mails sont souvent au centre des pr\u00e9occupations des responsables informatiques dans ce domaine. Nous vous aiderons \u00e0 prendre les bonnes mesures &#8222;pas \u00e0 pas&#8220;. Peu importe que vous visiez une solution Microsoft Mail &hellip; <\/p>\n<p class=\"link-more\"><a href=\"https:\/\/cofoek.de\/eu\/fr\/solutions-de-serveur-de-messagerie\/\" class=\"more-link\"><span class=\"screen-reader-text\">\u201eSolutions de serveur de messagerie\u201c <\/span>weiterlesen<\/a><\/p>\n","protected":false},"author":3,"featured_media":0,"parent":0,"menu_order":0,"comment_status":"closed","ping_status":"closed","template":"","meta":{"footnotes":""},"class_list":["post-844","page","type-page","status-publish","hentry"],"jetpack_sharing_enabled":true,"_links":{"self":[{"href":"https:\/\/cofoek.de\/eu\/wp-json\/wp\/v2\/pages\/844","targetHints":{"allow":["GET"]}}],"collection":[{"href":"https:\/\/cofoek.de\/eu\/wp-json\/wp\/v2\/pages"}],"about":[{"href":"https:\/\/cofoek.de\/eu\/wp-json\/wp\/v2\/types\/page"}],"author":[{"embeddable":true,"href":"https:\/\/cofoek.de\/eu\/wp-json\/wp\/v2\/users\/3"}],"replies":[{"embeddable":true,"href":"https:\/\/cofoek.de\/eu\/wp-json\/wp\/v2\/comments?post=844"}],"version-history":[{"count":1,"href":"https:\/\/cofoek.de\/eu\/wp-json\/wp\/v2\/pages\/844\/revisions"}],"predecessor-version":[{"id":845,"href":"https:\/\/cofoek.de\/eu\/wp-json\/wp\/v2\/pages\/844\/revisions\/845"}],"wp:attachment":[{"href":"https:\/\/cofoek.de\/eu\/wp-json\/wp\/v2\/media?parent=844"}],"curies":[{"name":"wp","href":"https:\/\/api.w.org\/{rel}","templated":true}]}}