{"id":846,"date":"2023-05-26T09:33:20","date_gmt":"2023-05-26T09:33:20","guid":{"rendered":"https:\/\/cofoek.de\/eu\/?page_id=846"},"modified":"2023-05-26T09:33:22","modified_gmt":"2023-05-26T09:33:22","slug":"soluzioni-per-server-di-posta","status":"publish","type":"page","link":"https:\/\/cofoek.de\/eu\/it\/soluzioni-per-server-di-posta\/","title":{"rendered":"Soluzioni per server di posta"},"content":{"rendered":"\n<p>La posta \u00e8 oggi il mezzo di comunicazione pi\u00f9 importante in azienda. Gli obblighi legali, la compatibilit\u00e0 e la sicurezza della posta elettronica sono spesso al centro dell&#8217;attenzione dei responsabili IT in quest&#8217;area. Ti aiuteremo a fare i passi giusti &#8222;passo dopo passo&#8220;. Non importa se miri a una soluzione Microsoft Mail omogenea, una soluzione Novell Groupwise o un Tobit David, o se li stai addirittura collegando insieme in modo eterogeneo. Possiamo supportarti sui seguenti sistemi di posta:<\/p>\n\n\n\n<p>\u2013 Microsoft Exchange 5.5 \u2013 2019<br>\u2013 Novell Groupwise \u2013 6.5<br>\u2013 Tobit David \u2013 Ufficio V8<br>\u2013 Linux: Postfix, Exim, QMail<br>\u2013 AVM: KEN!<\/p>\n","protected":false},"excerpt":{"rendered":"<p>La posta \u00e8 oggi il mezzo di comunicazione pi\u00f9 importante in azienda. Gli obblighi legali, la compatibilit\u00e0 e la sicurezza della posta elettronica sono spesso al centro dell&#8217;attenzione dei responsabili IT in quest&#8217;area. Ti aiuteremo a fare i passi giusti &#8222;passo dopo passo&#8220;. Non importa se miri a una soluzione Microsoft Mail omogenea, una soluzione &hellip; <\/p>\n<p class=\"link-more\"><a href=\"https:\/\/cofoek.de\/eu\/it\/soluzioni-per-server-di-posta\/\" class=\"more-link\"><span class=\"screen-reader-text\">\u201eSoluzioni per server di posta\u201c <\/span>weiterlesen<\/a><\/p>\n","protected":false},"author":3,"featured_media":0,"parent":0,"menu_order":0,"comment_status":"closed","ping_status":"closed","template":"","meta":{"footnotes":""},"class_list":["post-846","page","type-page","status-publish","hentry"],"jetpack_sharing_enabled":true,"_links":{"self":[{"href":"https:\/\/cofoek.de\/eu\/wp-json\/wp\/v2\/pages\/846","targetHints":{"allow":["GET"]}}],"collection":[{"href":"https:\/\/cofoek.de\/eu\/wp-json\/wp\/v2\/pages"}],"about":[{"href":"https:\/\/cofoek.de\/eu\/wp-json\/wp\/v2\/types\/page"}],"author":[{"embeddable":true,"href":"https:\/\/cofoek.de\/eu\/wp-json\/wp\/v2\/users\/3"}],"replies":[{"embeddable":true,"href":"https:\/\/cofoek.de\/eu\/wp-json\/wp\/v2\/comments?post=846"}],"version-history":[{"count":1,"href":"https:\/\/cofoek.de\/eu\/wp-json\/wp\/v2\/pages\/846\/revisions"}],"predecessor-version":[{"id":847,"href":"https:\/\/cofoek.de\/eu\/wp-json\/wp\/v2\/pages\/846\/revisions\/847"}],"wp:attachment":[{"href":"https:\/\/cofoek.de\/eu\/wp-json\/wp\/v2\/media?parent=846"}],"curies":[{"name":"wp","href":"https:\/\/api.w.org\/{rel}","templated":true}]}}