{"id":850,"date":"2023-05-26T09:36:47","date_gmt":"2023-05-26T09:36:47","guid":{"rendered":"https:\/\/cofoek.de\/eu\/?page_id=850"},"modified":"2023-05-26T09:40:17","modified_gmt":"2023-05-26T09:40:17","slug":"service-reseau","status":"publish","type":"page","link":"https:\/\/cofoek.de\/eu\/fr\/service-reseau\/","title":{"rendered":"Service r\u00e9seau"},"content":{"rendered":"\n<p>Vous souhaitez installer et configurer votre propre serveur DNS. Ou besoin d&#8217;un serveur DHCP pour votre segment. Lorsque vous choisissez un serveur de fichiers, vous ne savez pas quel syst\u00e8me d&#8217;exploitation r\u00e9seau est le mieux adapt\u00e9 \u00e0 vos besoins. Dans un avenir proche, les succursales seront reli\u00e9es via une connexion s\u00e9curis\u00e9e et crypt\u00e9e avec VPN\/IPsec. Vous souhaitez filtrer les paquets entrants via un port sp\u00e9cifique. Souhaite utiliser un CMS (Content Management System) dans l&#8217;intranet de l&#8217;entreprise et doit se connecter \u00e0 une base de donn\u00e9es MySQL. Aucune question pos\u00e9e, nous pouvons. Parce que c&#8217;est l&#8217;un de nos c\u0153urs de m\u00e9tier. Nous pouvons vous proposer un support pour les services suivants sur les plateformes Microsoft, Novell et Linux :<\/p>\n\n\n\n<p>DNS (ipv4\/ipv6)<br>DHCP (ipv4\/ipv6)<br>samba<br>apache<br>IIS8.5<br>squid<br>Pare-feu (WF.msc)<br>VPN\/IPSec, RAS<br>MySQL<br>Postfix\/QMail\/Exim\/Exchange<br>ISA<br>Services Web (https)<br>Syst\u00e8mes de gestion de contenu (Joomla, WordPress et Typo3)<\/p>\n","protected":false},"excerpt":{"rendered":"<p>Vous souhaitez installer et configurer votre propre serveur DNS. Ou besoin d&#8217;un serveur DHCP pour votre segment. Lorsque vous choisissez un serveur de fichiers, vous ne savez pas quel syst\u00e8me d&#8217;exploitation r\u00e9seau est le mieux adapt\u00e9 \u00e0 vos besoins. Dans un avenir proche, les succursales seront reli\u00e9es via une connexion s\u00e9curis\u00e9e et crypt\u00e9e avec VPN\/IPsec. &hellip; <\/p>\n<p class=\"link-more\"><a href=\"https:\/\/cofoek.de\/eu\/fr\/service-reseau\/\" class=\"more-link\"><span class=\"screen-reader-text\">\u201eService r\u00e9seau\u201c <\/span>weiterlesen<\/a><\/p>\n","protected":false},"author":3,"featured_media":0,"parent":0,"menu_order":0,"comment_status":"closed","ping_status":"closed","template":"","meta":{"footnotes":""},"class_list":["post-850","page","type-page","status-publish","hentry"],"jetpack_sharing_enabled":true,"_links":{"self":[{"href":"https:\/\/cofoek.de\/eu\/wp-json\/wp\/v2\/pages\/850","targetHints":{"allow":["GET"]}}],"collection":[{"href":"https:\/\/cofoek.de\/eu\/wp-json\/wp\/v2\/pages"}],"about":[{"href":"https:\/\/cofoek.de\/eu\/wp-json\/wp\/v2\/types\/page"}],"author":[{"embeddable":true,"href":"https:\/\/cofoek.de\/eu\/wp-json\/wp\/v2\/users\/3"}],"replies":[{"embeddable":true,"href":"https:\/\/cofoek.de\/eu\/wp-json\/wp\/v2\/comments?post=850"}],"version-history":[{"count":2,"href":"https:\/\/cofoek.de\/eu\/wp-json\/wp\/v2\/pages\/850\/revisions"}],"predecessor-version":[{"id":854,"href":"https:\/\/cofoek.de\/eu\/wp-json\/wp\/v2\/pages\/850\/revisions\/854"}],"wp:attachment":[{"href":"https:\/\/cofoek.de\/eu\/wp-json\/wp\/v2\/media?parent=850"}],"curies":[{"name":"wp","href":"https:\/\/api.w.org\/{rel}","templated":true}]}}