{"id":857,"date":"2023-05-26T09:43:25","date_gmt":"2023-05-26T09:43:25","guid":{"rendered":"https:\/\/cofoek.de\/eu\/?page_id=857"},"modified":"2023-05-26T09:43:26","modified_gmt":"2023-05-26T09:43:26","slug":"projet-reseau","status":"publish","type":"page","link":"https:\/\/cofoek.de\/eu\/fr\/projet-reseau\/","title":{"rendered":"Projet r\u00e9seau"},"content":{"rendered":"\n<p>Pour qu&#8217;un r\u00e9seau n&#8217;ait aucune restriction dans ses fonctionnalit\u00e9s, il doit \u00eatre bien planifi\u00e9 \u00e0 l&#8217;avance. Ce n&#8217;est qu&#8217;alors qu&#8217;il est possible de localiser pr\u00e9cis\u00e9ment les erreurs dans l&#8217;infrastructure du r\u00e9seau. Peu importe pour nous si nous devons optimiser une infrastructure de r\u00e9seau existante ou concevoir, planifier et mettre en \u0153uvre une nouvelle infrastructure de r\u00e9seau avec vous (voir cycle ci-dessous). Dans tous les cas, nous vous soutiendrons activement du d\u00e9but \u00e0 la fin gr\u00e2ce \u00e0 nos connaissances sp\u00e9cialis\u00e9es.<\/p>\n","protected":false},"excerpt":{"rendered":"<p>Pour qu&#8217;un r\u00e9seau n&#8217;ait aucune restriction dans ses fonctionnalit\u00e9s, il doit \u00eatre bien planifi\u00e9 \u00e0 l&#8217;avance. Ce n&#8217;est qu&#8217;alors qu&#8217;il est possible de localiser pr\u00e9cis\u00e9ment les erreurs dans l&#8217;infrastructure du r\u00e9seau. Peu importe pour nous si nous devons optimiser une infrastructure de r\u00e9seau existante ou concevoir, planifier et mettre en \u0153uvre une nouvelle infrastructure de &hellip; <\/p>\n<p class=\"link-more\"><a href=\"https:\/\/cofoek.de\/eu\/fr\/projet-reseau\/\" class=\"more-link\"><span class=\"screen-reader-text\">\u201eProjet r\u00e9seau\u201c <\/span>weiterlesen<\/a><\/p>\n","protected":false},"author":3,"featured_media":0,"parent":0,"menu_order":0,"comment_status":"closed","ping_status":"closed","template":"","meta":{"footnotes":""},"class_list":["post-857","page","type-page","status-publish","hentry"],"jetpack_sharing_enabled":true,"_links":{"self":[{"href":"https:\/\/cofoek.de\/eu\/wp-json\/wp\/v2\/pages\/857","targetHints":{"allow":["GET"]}}],"collection":[{"href":"https:\/\/cofoek.de\/eu\/wp-json\/wp\/v2\/pages"}],"about":[{"href":"https:\/\/cofoek.de\/eu\/wp-json\/wp\/v2\/types\/page"}],"author":[{"embeddable":true,"href":"https:\/\/cofoek.de\/eu\/wp-json\/wp\/v2\/users\/3"}],"replies":[{"embeddable":true,"href":"https:\/\/cofoek.de\/eu\/wp-json\/wp\/v2\/comments?post=857"}],"version-history":[{"count":1,"href":"https:\/\/cofoek.de\/eu\/wp-json\/wp\/v2\/pages\/857\/revisions"}],"predecessor-version":[{"id":858,"href":"https:\/\/cofoek.de\/eu\/wp-json\/wp\/v2\/pages\/857\/revisions\/858"}],"wp:attachment":[{"href":"https:\/\/cofoek.de\/eu\/wp-json\/wp\/v2\/media?parent=857"}],"curies":[{"name":"wp","href":"https:\/\/api.w.org\/{rel}","templated":true}]}}