{"id":859,"date":"2023-05-26T09:44:04","date_gmt":"2023-05-26T09:44:04","guid":{"rendered":"https:\/\/cofoek.de\/eu\/?page_id=859"},"modified":"2023-05-26T09:44:06","modified_gmt":"2023-05-26T09:44:06","slug":"progetto-di-rete","status":"publish","type":"page","link":"https:\/\/cofoek.de\/eu\/it\/progetto-di-rete\/","title":{"rendered":"Progetto di rete"},"content":{"rendered":"\n<p>Affinch\u00e9 una rete non abbia restrizioni nella sua funzionalit\u00e0, dovrebbe essere ben pianificata in anticipo. Solo cos\u00ec \u00e8 possibile localizzare in modo mirato gli errori nell&#8217;infrastruttura di rete. Per noi non importa se dobbiamo ottimizzare un&#8217;infrastruttura di rete esistente o progettare, pianificare e implementare insieme a voi una nuova infrastruttura di rete (vedi ciclo sotto). In ogni caso, ti supporteremo attivamente dall&#8217;inizio alla fine con le nostre conoscenze specialistiche.<\/p>\n","protected":false},"excerpt":{"rendered":"<p>Affinch\u00e9 una rete non abbia restrizioni nella sua funzionalit\u00e0, dovrebbe essere ben pianificata in anticipo. Solo cos\u00ec \u00e8 possibile localizzare in modo mirato gli errori nell&#8217;infrastruttura di rete. Per noi non importa se dobbiamo ottimizzare un&#8217;infrastruttura di rete esistente o progettare, pianificare e implementare insieme a voi una nuova infrastruttura di rete (vedi ciclo sotto). &hellip; <\/p>\n<p class=\"link-more\"><a href=\"https:\/\/cofoek.de\/eu\/it\/progetto-di-rete\/\" class=\"more-link\"><span class=\"screen-reader-text\">\u201eProgetto di rete\u201c <\/span>weiterlesen<\/a><\/p>\n","protected":false},"author":3,"featured_media":0,"parent":0,"menu_order":0,"comment_status":"closed","ping_status":"closed","template":"","meta":{"footnotes":""},"class_list":["post-859","page","type-page","status-publish","hentry"],"jetpack_sharing_enabled":true,"_links":{"self":[{"href":"https:\/\/cofoek.de\/eu\/wp-json\/wp\/v2\/pages\/859","targetHints":{"allow":["GET"]}}],"collection":[{"href":"https:\/\/cofoek.de\/eu\/wp-json\/wp\/v2\/pages"}],"about":[{"href":"https:\/\/cofoek.de\/eu\/wp-json\/wp\/v2\/types\/page"}],"author":[{"embeddable":true,"href":"https:\/\/cofoek.de\/eu\/wp-json\/wp\/v2\/users\/3"}],"replies":[{"embeddable":true,"href":"https:\/\/cofoek.de\/eu\/wp-json\/wp\/v2\/comments?post=859"}],"version-history":[{"count":1,"href":"https:\/\/cofoek.de\/eu\/wp-json\/wp\/v2\/pages\/859\/revisions"}],"predecessor-version":[{"id":860,"href":"https:\/\/cofoek.de\/eu\/wp-json\/wp\/v2\/pages\/859\/revisions\/860"}],"wp:attachment":[{"href":"https:\/\/cofoek.de\/eu\/wp-json\/wp\/v2\/media?parent=859"}],"curies":[{"name":"wp","href":"https:\/\/api.w.org\/{rel}","templated":true}]}}