{"id":870,"date":"2023-05-26T09:53:09","date_gmt":"2023-05-26T09:53:09","guid":{"rendered":"https:\/\/cofoek.de\/eu\/?page_id=870"},"modified":"2023-05-26T09:53:11","modified_gmt":"2023-05-26T09:53:11","slug":"serveur-racine","status":"publish","type":"page","link":"https:\/\/cofoek.de\/eu\/fr\/serveur-racine\/","title":{"rendered":"Serveur racine"},"content":{"rendered":"\n<p>Serveurs racine, serveurs d\u00e9di\u00e9s virtuels et h\u00e9bergement web aux meilleurs prix. Connexion rapide, mat\u00e9riel de pointe ?<\/p>\n\n\n\n<p>NON, malheureusement nous ne proposons pas cela ! Mais le service. Vous avez \u00e0 peine acc\u00e8s \u00e0 votre serveur racine avec Shell et quelle est la prochaine \u00e9tape&nbsp;? C&#8217;est exactement l\u00e0 que nous venons vous soutenir depuis le d\u00e9but jusqu&#8217;au serveur Web et de messagerie enti\u00e8rement fonctionnel.<\/p>\n\n\n\n<p>Nous pouvons vous aider ici avec les produits STRATO, Host Europe et 1&amp;1 IONOS.<\/p>\n","protected":false},"excerpt":{"rendered":"<p>Serveurs racine, serveurs d\u00e9di\u00e9s virtuels et h\u00e9bergement web aux meilleurs prix. Connexion rapide, mat\u00e9riel de pointe ? NON, malheureusement nous ne proposons pas cela ! Mais le service. Vous avez \u00e0 peine acc\u00e8s \u00e0 votre serveur racine avec Shell et quelle est la prochaine \u00e9tape&nbsp;? C&#8217;est exactement l\u00e0 que nous venons vous soutenir depuis le &hellip; <\/p>\n<p class=\"link-more\"><a href=\"https:\/\/cofoek.de\/eu\/fr\/serveur-racine\/\" class=\"more-link\"><span class=\"screen-reader-text\">\u201eServeur racine\u201c <\/span>weiterlesen<\/a><\/p>\n","protected":false},"author":3,"featured_media":0,"parent":0,"menu_order":0,"comment_status":"closed","ping_status":"closed","template":"","meta":{"footnotes":""},"class_list":["post-870","page","type-page","status-publish","hentry"],"jetpack_sharing_enabled":true,"_links":{"self":[{"href":"https:\/\/cofoek.de\/eu\/wp-json\/wp\/v2\/pages\/870","targetHints":{"allow":["GET"]}}],"collection":[{"href":"https:\/\/cofoek.de\/eu\/wp-json\/wp\/v2\/pages"}],"about":[{"href":"https:\/\/cofoek.de\/eu\/wp-json\/wp\/v2\/types\/page"}],"author":[{"embeddable":true,"href":"https:\/\/cofoek.de\/eu\/wp-json\/wp\/v2\/users\/3"}],"replies":[{"embeddable":true,"href":"https:\/\/cofoek.de\/eu\/wp-json\/wp\/v2\/comments?post=870"}],"version-history":[{"count":1,"href":"https:\/\/cofoek.de\/eu\/wp-json\/wp\/v2\/pages\/870\/revisions"}],"predecessor-version":[{"id":871,"href":"https:\/\/cofoek.de\/eu\/wp-json\/wp\/v2\/pages\/870\/revisions\/871"}],"wp:attachment":[{"href":"https:\/\/cofoek.de\/eu\/wp-json\/wp\/v2\/media?parent=870"}],"curies":[{"name":"wp","href":"https:\/\/api.w.org\/{rel}","templated":true}]}}