{"id":877,"date":"2023-05-26T09:58:09","date_gmt":"2023-05-26T09:58:09","guid":{"rendered":"https:\/\/cofoek.de\/eu\/?page_id=877"},"modified":"2023-05-26T09:58:12","modified_gmt":"2023-05-26T09:58:12","slug":"liens","status":"publish","type":"page","link":"https:\/\/cofoek.de\/eu\/fr\/liens\/","title":{"rendered":"Liens"},"content":{"rendered":"\n<p>Vous \u00eates l&#8217;heureux propri\u00e9taire d&#8217;une connexion DSL. Vous ne recevrez aucune autre information sur l&#8217;installation et la configuration de votre modem ou routeur DSL de votre fournisseur d&#8217;acc\u00e8s Internet. Vous souhaitez rendre chaque port de votre commutateur plus s\u00e9curis\u00e9 en utilisant un pare-feu. Vous devez utiliser des routes statiques ou des protocoles de routage dynamique. Vous souhaitez configurer la redirection de port sur le routeur et vous ne savez pas comment le configurer. Vous souhaitez configurer NAT pour les clients via un routeur. Nous serions ravis de vous aider. Nous installons, configurons et testons avec vous la connexion au monde ext\u00e9rieur.<\/p>\n\n\n\n<p>Routeur (routeur mat\u00e9riel et logiciel 2 cartes r\u00e9seau)<br>Routeur (ligne commut\u00e9e ou lou\u00e9e)<br>Commutateur L2\/L3<br>Modem ADSL (UR2)<br>SDSL<br>Fibre de verre (fibre de verre allemande)<\/p>\n","protected":false},"excerpt":{"rendered":"<p>Vous \u00eates l&#8217;heureux propri\u00e9taire d&#8217;une connexion DSL. Vous ne recevrez aucune autre information sur l&#8217;installation et la configuration de votre modem ou routeur DSL de votre fournisseur d&#8217;acc\u00e8s Internet. Vous souhaitez rendre chaque port de votre commutateur plus s\u00e9curis\u00e9 en utilisant un pare-feu. Vous devez utiliser des routes statiques ou des protocoles de routage dynamique. &hellip; <\/p>\n<p class=\"link-more\"><a href=\"https:\/\/cofoek.de\/eu\/fr\/liens\/\" class=\"more-link\"><span class=\"screen-reader-text\">\u201eLiens\u201c <\/span>weiterlesen<\/a><\/p>\n","protected":false},"author":3,"featured_media":0,"parent":0,"menu_order":0,"comment_status":"closed","ping_status":"closed","template":"","meta":{"footnotes":""},"class_list":["post-877","page","type-page","status-publish","hentry"],"jetpack_sharing_enabled":true,"_links":{"self":[{"href":"https:\/\/cofoek.de\/eu\/wp-json\/wp\/v2\/pages\/877","targetHints":{"allow":["GET"]}}],"collection":[{"href":"https:\/\/cofoek.de\/eu\/wp-json\/wp\/v2\/pages"}],"about":[{"href":"https:\/\/cofoek.de\/eu\/wp-json\/wp\/v2\/types\/page"}],"author":[{"embeddable":true,"href":"https:\/\/cofoek.de\/eu\/wp-json\/wp\/v2\/users\/3"}],"replies":[{"embeddable":true,"href":"https:\/\/cofoek.de\/eu\/wp-json\/wp\/v2\/comments?post=877"}],"version-history":[{"count":1,"href":"https:\/\/cofoek.de\/eu\/wp-json\/wp\/v2\/pages\/877\/revisions"}],"predecessor-version":[{"id":878,"href":"https:\/\/cofoek.de\/eu\/wp-json\/wp\/v2\/pages\/877\/revisions\/878"}],"wp:attachment":[{"href":"https:\/\/cofoek.de\/eu\/wp-json\/wp\/v2\/media?parent=877"}],"curies":[{"name":"wp","href":"https:\/\/api.w.org\/{rel}","templated":true}]}}