{"id":883,"date":"2023-05-26T10:02:17","date_gmt":"2023-05-26T10:02:17","guid":{"rendered":"https:\/\/cofoek.de\/eu\/?page_id=883"},"modified":"2023-05-26T10:02:19","modified_gmt":"2023-05-26T10:02:19","slug":"entrainement","status":"publish","type":"page","link":"https:\/\/cofoek.de\/eu\/fr\/entrainement\/","title":{"rendered":"Entra\u00eenement"},"content":{"rendered":"\n<p>La manipulation qualifi\u00e9e et correcte du PC est une exigence de base pour presque toutes les activit\u00e9s professionnelles et un travail s\u00fbr. Tous les conf\u00e9renciers que nous utilisons ont les certifications n\u00e9cessaires pour leur mati\u00e8re respective et ont plusieurs ann\u00e9es d&#8217;exp\u00e9rience professionnelle. Nous organisons \u00e9galement des cours si un seul participant y participe.<\/p>\n","protected":false},"excerpt":{"rendered":"<p>La manipulation qualifi\u00e9e et correcte du PC est une exigence de base pour presque toutes les activit\u00e9s professionnelles et un travail s\u00fbr. Tous les conf\u00e9renciers que nous utilisons ont les certifications n\u00e9cessaires pour leur mati\u00e8re respective et ont plusieurs ann\u00e9es d&#8217;exp\u00e9rience professionnelle. Nous organisons \u00e9galement des cours si un seul participant y participe.<\/p>\n","protected":false},"author":3,"featured_media":0,"parent":0,"menu_order":0,"comment_status":"closed","ping_status":"closed","template":"","meta":{"footnotes":""},"class_list":["post-883","page","type-page","status-publish","hentry"],"jetpack_sharing_enabled":true,"_links":{"self":[{"href":"https:\/\/cofoek.de\/eu\/wp-json\/wp\/v2\/pages\/883","targetHints":{"allow":["GET"]}}],"collection":[{"href":"https:\/\/cofoek.de\/eu\/wp-json\/wp\/v2\/pages"}],"about":[{"href":"https:\/\/cofoek.de\/eu\/wp-json\/wp\/v2\/types\/page"}],"author":[{"embeddable":true,"href":"https:\/\/cofoek.de\/eu\/wp-json\/wp\/v2\/users\/3"}],"replies":[{"embeddable":true,"href":"https:\/\/cofoek.de\/eu\/wp-json\/wp\/v2\/comments?post=883"}],"version-history":[{"count":1,"href":"https:\/\/cofoek.de\/eu\/wp-json\/wp\/v2\/pages\/883\/revisions"}],"predecessor-version":[{"id":884,"href":"https:\/\/cofoek.de\/eu\/wp-json\/wp\/v2\/pages\/883\/revisions\/884"}],"wp:attachment":[{"href":"https:\/\/cofoek.de\/eu\/wp-json\/wp\/v2\/media?parent=883"}],"curies":[{"name":"wp","href":"https:\/\/api.w.org\/{rel}","templated":true}]}}