{"id":99,"date":"2022-12-23T11:39:08","date_gmt":"2022-12-23T11:39:08","guid":{"rendered":"https:\/\/cofoek.de\/eu\/?page_id=99"},"modified":"2023-05-25T14:46:17","modified_gmt":"2023-05-25T14:46:17","slug":"impressum","status":"publish","type":"page","link":"https:\/\/cofoek.de\/eu\/impressum\/","title":{"rendered":"Impressum"},"content":{"rendered":"\n<p>Alle hier verwendeten Namen, Begriffe, Zeichen und Grafiken k\u00f6nnen Marken- oder Warenzeichen im Besitze ihrer rechtlichen Eigent\u00fcmer sein. Die Rechte aller erw\u00e4hnten und benutzten Marken- und Warenzeichen liegen ausschlie\u00dflich bei deren Besitzern.<\/p>\n\n\n\n<p><strong>Liefer- und Postadresse:<\/strong><\/p>\n\n\n\n<figure class=\"wp-block-table\"><table><tbody><tr><td>COFO e.K.\u00a0\u00a0 \u00a0<\/td><td>Telefon: <\/td><td>+49 6033 9732617<\/td><\/tr><tr><td>Schneidwaldstra\u00dfe 11<\/td><td>Telefax: <\/td><td>+49 6033 9732618<\/td><\/tr><tr><td>D-35510 Butzbach\/Kirch-G\u00f6ns<\/td><td><\/td><td><\/td><\/tr><\/tbody><\/table><\/figure>\n\n\n\n<p><strong>Rechtliche Angaben:<\/strong><br>Vertretungsberechtigt: Klaus Forker<br>Umsatzsteuer-Identifikationsnummer gem\u00e4\u00df \u00a727a<br>Umsatzsteuernummer: DE179160232<br>Registergericht: Friedberg<br>Registernummer: HRA4611<\/p>\n\n\n\n<p><strong>Inhaltlich Verantwortlicher gem\u00e4\u00df TMG:<\/strong><br>Klaus Forker: info@cofoek.de<\/p>\n","protected":false},"excerpt":{"rendered":"<p>Alle hier verwendeten Namen, Begriffe, Zeichen und Grafiken k\u00f6nnen Marken- oder Warenzeichen im Besitze ihrer rechtlichen Eigent\u00fcmer sein. Die Rechte aller erw\u00e4hnten und benutzten Marken- und Warenzeichen liegen ausschlie\u00dflich bei deren Besitzern. Liefer- und Postadresse: COFO e.K.\u00a0\u00a0 \u00a0 Telefon: +49 6033 9732617 Schneidwaldstra\u00dfe 11 Telefax: +49 6033 9732618 D-35510 Butzbach\/Kirch-G\u00f6ns Rechtliche Angaben:Vertretungsberechtigt: Klaus ForkerUmsatzsteuer-Identifikationsnummer gem\u00e4\u00df &hellip; <\/p>\n<p class=\"link-more\"><a href=\"https:\/\/cofoek.de\/eu\/impressum\/\" class=\"more-link\"><span class=\"screen-reader-text\">\u201eImpressum\u201c <\/span>weiterlesen<\/a><\/p>\n","protected":false},"author":3,"featured_media":0,"parent":0,"menu_order":0,"comment_status":"closed","ping_status":"closed","template":"","meta":{"footnotes":""},"class_list":["post-99","page","type-page","status-publish","hentry"],"jetpack_sharing_enabled":true,"_links":{"self":[{"href":"https:\/\/cofoek.de\/eu\/wp-json\/wp\/v2\/pages\/99","targetHints":{"allow":["GET"]}}],"collection":[{"href":"https:\/\/cofoek.de\/eu\/wp-json\/wp\/v2\/pages"}],"about":[{"href":"https:\/\/cofoek.de\/eu\/wp-json\/wp\/v2\/types\/page"}],"author":[{"embeddable":true,"href":"https:\/\/cofoek.de\/eu\/wp-json\/wp\/v2\/users\/3"}],"replies":[{"embeddable":true,"href":"https:\/\/cofoek.de\/eu\/wp-json\/wp\/v2\/comments?post=99"}],"version-history":[{"count":4,"href":"https:\/\/cofoek.de\/eu\/wp-json\/wp\/v2\/pages\/99\/revisions"}],"predecessor-version":[{"id":773,"href":"https:\/\/cofoek.de\/eu\/wp-json\/wp\/v2\/pages\/99\/revisions\/773"}],"wp:attachment":[{"href":"https:\/\/cofoek.de\/eu\/wp-json\/wp\/v2\/media?parent=99"}],"curies":[{"name":"wp","href":"https:\/\/api.w.org\/{rel}","templated":true}]}}